{"id":2227,"date":"2024-11-20T09:14:23","date_gmt":"2024-11-20T08:14:23","guid":{"rendered":"https:\/\/escuelagallegadebienestar.es\/?post_type=product&#038;p=2227"},"modified":"2024-11-20T10:13:28","modified_gmt":"2024-11-20T09:13:28","slug":"12-meditaciones-guiadas-para-serenar-tu-mente-y-gestionar-tus-emociones-con-mindfulness","status":"publish","type":"product","link":"https:\/\/escuelagallegadebienestar.es\/gl\/product\/12-meditaciones-guiadas-para-serenar-tu-mente-y-gestionar-tus-emociones-con-mindfulness\/","title":{"rendered":"12 MEDITACIONES GUIADAS PARA SERENAR TU MENTE Y GESTIONAR TUS EMOCIONES CON MINDFULNESS"},"content":{"rendered":"<section class=\"l-section wpb_row height_medium\"><div class=\"l-section-h i-cf\"><div class=\"g-cols vc_row via_grid cols_1 laptops-cols_inherit tablets-cols_inherit mobiles-cols_1 valign_top type_default stacking_default\"><div class=\"wpb_column vc_column_container\"><div class=\"vc_column-inner\"><div class=\"wpb_text_column\"><div class=\"wpb_wrapper\"><p>Sum\u00e9rgete en un viaje transformador con esta lista de 12 meditaciones guiadas de 8 a 20 minutos de duraci\u00f3n, dise\u00f1adas para ayudarte a desarrollar habilidades mindfulness como aumentar la concentraci\u00f3n, serenar tu mente y gestionar tus emociones desde un lugar de claridad, discernimiento y compasi\u00f3n.<\/p>\n<p>El pack de meditaciones lo podr\u00e1s descargar en formato mp3 y tendr\u00e1s acceso tambi\u00e9n a un listado de videos de Youtube.<\/p>\n<p>Cada meditaci\u00f3n est\u00e1 cuidadosamente seleccionada para ayudarte a comprender y aumentar el discernimiento respecto a los fen\u00f3menos cognitivos (pensamientos, emociones, sensaciones\u2026), cultivando una conciencia que te permitir\u00e1 responder de una manera m\u00e1s consciente y equilibrada ante las situaciones cotidianas, especialmente en momentos de tensi\u00f3n, estr\u00e9s o conflicto.<\/p>\n<p>Ideal para quienes buscan profundizar en su pr\u00e1ctica de mindfulness y disponer de herramientas con las que aprender a gestionar el flujo de las emociones en el d\u00eda a d\u00eda.<\/p>\n<p><strong>INCLUYE LAS SIGUIENTES PR\u00c1CTICAS:<\/strong><\/p>\n<\/div><\/div><div class=\"w-separator size_small\"><\/div><div class=\"g-cols wpb_row via_grid cols_2 laptops-cols_inherit tablets-cols_inherit mobiles-cols_1 valign_top type_default stacking_default\" style=\"--columns-gap:3rem;\"><div class=\"wpb_column vc_column_container\"><div class=\"vc_column-inner\"><div class=\"wpb_text_column\"><div class=\"wpb_wrapper\"><ol>\n<li><strong>ANCLAS MENTALES<\/strong> Promueven la concentraci\u00f3n y la calma, conectando con el momento presente.<\/li>\n<li><strong>ATENCI\u00d3N EN LA RESPIRACI\u00d3N<\/strong> Fortalece la conexi\u00f3n mente-cuerpo, contribuyendo a la regulaci\u00f3n emocional.<\/li>\n<li><strong>ATENCI\u00d3N EN LOS SONIDOS<\/strong> Favorece la aceptaci\u00f3n del momento presente y a manejar las distracciones.<\/li>\n<li><strong>COMER CON ATENCI\u00d3N PLENA<\/strong> Mejora la relaci\u00f3n con los alimentos y una mayor conexi\u00f3n entre las se\u00f1ales de hambre y el comer de manera emocional.<\/li>\n<li><strong>ASENTAR LA MENTE <\/strong>Promueve un estado de tranquilidad y equilibrio mental, lo que favorece el bienestar general<\/li>\n<li><strong>RECONOCER EL OBSERVADOR<\/strong> Contribuye a reducir la identificaci\u00f3n con pensamientos y emociones negativas y a aumentar el control sobre las reacciones autom\u00e1ticas.<\/li>\n<li><strong>LOS 3 MINUTOS<\/strong> Mejora la concentraci\u00f3n, la sensaci\u00f3n de calma y el equilibrio emocional en cualquier momento del d\u00eda.<\/li>\n<\/ol>\n<\/div><\/div><\/div><\/div><div class=\"wpb_column vc_column_container\"><div class=\"vc_column-inner\"><div class=\"wpb_text_column\"><div class=\"wpb_wrapper\"><ol start=\"8\">\n<li><strong>DISOLUCI\u00d3N DEL YO<\/strong> Ayuda a liberarnos de las etiquetas con las que nos identificamos, liber\u00e1ndonos de los juicios y aumentando la conexi\u00f3n con los dem\u00e1s.<\/li>\n<li><strong>LA MONTA\u00d1A<\/strong> Promueve la resiliencia emocional y la capacidad de mantener la calma ante situaciones de dificultad.<\/li>\n<li><strong>TRATAR LAS EMOCIONES<\/strong> Favorece la comprensi\u00f3n de las emociones y su reactividad, favoreciendo el autoconocimiento, la regulaci\u00f3n emocional y la paz interior.<\/li>\n<li><strong>BODY SCAN COMPASIVO<\/strong> Aumenta la conciencia corporal y ayudar a liberar tensiones, promoviendo un estado general de calma y equilibrio, desde una actitud de aceptaci\u00f3n y cuidado hacia nuestro cuerpo.<\/li>\n<li><strong>AMOR INCONDICIONAL (METTA)<\/strong> Favorece la conexi\u00f3n con nosotros mismos y con los dem\u00e1s, desde una actitud de compasi\u00f3n, amabilidad y aceptaci\u00f3n hacia nosotros mismos y hacia los dem\u00e1s, sin condiciones ni juicios.<\/li>\n<\/ol>\n<\/div><\/div><\/div><\/div><\/div><\/div><\/div><\/div><\/div><\/section>\n","protected":false},"excerpt":{"rendered":"Sum\u00e9rgete en un viaje transformador con esta lista de 12 meditaciones guiadas de 8 a 20 minutos de duraci\u00f3n, dise\u00f1adas para ayudarte a desarrollar habilidades mindfulness como aumentar la concentraci\u00f3n, serenar tu mente y gestionar tus emociones desde un lugar de claridad, discernimiento y compasi\u00f3n. El pack de meditaciones lo podr\u00e1s descargar en formato mp3...","protected":false},"featured_media":2228,"comment_status":"open","ping_status":"closed","template":"","meta":[],"product_brand":[],"product_cat":[38],"product_tag":[],"class_list":{"0":"post-2227","1":"product","2":"type-product","3":"status-publish","4":"has-post-thumbnail","6":"product_cat-formacion","8":"first","9":"instock","10":"downloadable","11":"virtual","12":"taxable","13":"purchasable","14":"product-type-simple"},"yoast_head":"<!-- This site is optimized with the Yoast SEO plugin v27.4 - https:\/\/yoast.com\/product\/yoast-seo-wordpress\/ -->\n<title>12 MEDITACIONES GUIADAS PARA SERENAR TU MENTE Y GESTIONAR TUS EMOCIONES CON MINDFULNESS - Escuela Gallega de Bienestar<\/title>\n<meta name=\"robots\" content=\"index, follow, max-snippet:-1, max-image-preview:large, max-video-preview:-1\" \/>\n<link rel=\"canonical\" href=\"https:\/\/escuelagallegadebienestar.es\/gl\/product\/12-meditaciones-guiadas-para-serenar-tu-mente-y-gestionar-tus-emociones-con-mindfulness\/\" \/>\n<meta property=\"og:locale\" content=\"gl_ES\" \/>\n<meta property=\"og:type\" content=\"article\" \/>\n<meta property=\"og:title\" content=\"12 MEDITACIONES GUIADAS PARA SERENAR TU MENTE Y GESTIONAR TUS EMOCIONES CON MINDFULNESS - Escuela Gallega de Bienestar\" \/>\n<meta property=\"og:url\" content=\"https:\/\/escuelagallegadebienestar.es\/gl\/product\/12-meditaciones-guiadas-para-serenar-tu-mente-y-gestionar-tus-emociones-con-mindfulness\/\" \/>\n<meta property=\"og:site_name\" content=\"Escuela Gallega de Bienestar\" \/>\n<meta property=\"article:modified_time\" content=\"2024-11-20T09:13:28+00:00\" \/>\n<meta property=\"og:image\" content=\"https:\/\/escuelagallegadebien-413541.hostingersite.com\/wp-content\/uploads\/2024\/11\/Portada-Meditaciones-Guiadas.jpg\" \/>\n\t<meta property=\"og:image:width\" content=\"1920\" \/>\n\t<meta property=\"og:image:height\" content=\"1080\" \/>\n\t<meta property=\"og:image:type\" content=\"image\/jpeg\" \/>\n<meta name=\"twitter:card\" content=\"summary_large_image\" \/>\n<meta name=\"twitter:label1\" content=\"Tempo de lectura\" \/>\n\t<meta name=\"twitter:data1\" content=\"3 minutos\" \/>\n<script type=\"application\/ld+json\" class=\"yoast-schema-graph\">{\"@context\":\"https:\\\/\\\/schema.org\",\"@graph\":[{\"@type\":\"WebPage\",\"@id\":\"https:\\\/\\\/escuelagallegadebienestar.es\\\/gl\\\/product\\\/12-meditaciones-guiadas-para-serenar-tu-mente-y-gestionar-tus-emociones-con-mindfulness\\\/\",\"url\":\"https:\\\/\\\/escuelagallegadebienestar.es\\\/gl\\\/product\\\/12-meditaciones-guiadas-para-serenar-tu-mente-y-gestionar-tus-emociones-con-mindfulness\\\/\",\"name\":\"12 MEDITACIONES GUIADAS PARA SERENAR TU MENTE Y GESTIONAR TUS EMOCIONES CON MINDFULNESS - Escuela Gallega de Bienestar\",\"isPartOf\":{\"@id\":\"https:\\\/\\\/escuelagallegadebien-413541.hostingersite.com\\\/#website\"},\"primaryImageOfPage\":{\"@id\":\"https:\\\/\\\/escuelagallegadebienestar.es\\\/gl\\\/product\\\/12-meditaciones-guiadas-para-serenar-tu-mente-y-gestionar-tus-emociones-con-mindfulness\\\/#primaryimage\"},\"image\":{\"@id\":\"https:\\\/\\\/escuelagallegadebienestar.es\\\/gl\\\/product\\\/12-meditaciones-guiadas-para-serenar-tu-mente-y-gestionar-tus-emociones-con-mindfulness\\\/#primaryimage\"},\"thumbnailUrl\":\"https:\\\/\\\/escuelagallegadebienestar.es\\\/wp-content\\\/uploads\\\/2024\\\/11\\\/Portada-Meditaciones-Guiadas.jpg\",\"datePublished\":\"2024-11-20T08:14:23+00:00\",\"dateModified\":\"2024-11-20T09:13:28+00:00\",\"breadcrumb\":{\"@id\":\"https:\\\/\\\/escuelagallegadebienestar.es\\\/gl\\\/product\\\/12-meditaciones-guiadas-para-serenar-tu-mente-y-gestionar-tus-emociones-con-mindfulness\\\/#breadcrumb\"},\"inLanguage\":\"gl-ES\",\"potentialAction\":[{\"@type\":\"ReadAction\",\"target\":[\"https:\\\/\\\/escuelagallegadebienestar.es\\\/gl\\\/product\\\/12-meditaciones-guiadas-para-serenar-tu-mente-y-gestionar-tus-emociones-con-mindfulness\\\/\"]}]},{\"@type\":\"ImageObject\",\"inLanguage\":\"gl-ES\",\"@id\":\"https:\\\/\\\/escuelagallegadebienestar.es\\\/gl\\\/product\\\/12-meditaciones-guiadas-para-serenar-tu-mente-y-gestionar-tus-emociones-con-mindfulness\\\/#primaryimage\",\"url\":\"https:\\\/\\\/escuelagallegadebienestar.es\\\/wp-content\\\/uploads\\\/2024\\\/11\\\/Portada-Meditaciones-Guiadas.jpg\",\"contentUrl\":\"https:\\\/\\\/escuelagallegadebienestar.es\\\/wp-content\\\/uploads\\\/2024\\\/11\\\/Portada-Meditaciones-Guiadas.jpg\",\"width\":1920,\"height\":1080},{\"@type\":\"BreadcrumbList\",\"@id\":\"https:\\\/\\\/escuelagallegadebienestar.es\\\/gl\\\/product\\\/12-meditaciones-guiadas-para-serenar-tu-mente-y-gestionar-tus-emociones-con-mindfulness\\\/#breadcrumb\",\"itemListElement\":[{\"@type\":\"ListItem\",\"position\":1,\"name\":\"Portada\",\"item\":\"https:\\\/\\\/escuelagallegadebien-413541.hostingersite.com\\\/inicio\\\/\"},{\"@type\":\"ListItem\",\"position\":2,\"name\":\"Programas de formaci\u00f3n\",\"item\":\"https:\\\/\\\/escuelagallegadebien-413541.hostingersite.com\\\/tienda\\\/\"},{\"@type\":\"ListItem\",\"position\":3,\"name\":\"12 MEDITACIONES GUIADAS PARA SERENAR TU MENTE Y GESTIONAR TUS EMOCIONES CON MINDFULNESS\"}]},{\"@type\":\"WebSite\",\"@id\":\"https:\\\/\\\/escuelagallegadebien-413541.hostingersite.com\\\/#website\",\"url\":\"https:\\\/\\\/escuelagallegadebien-413541.hostingersite.com\\\/\",\"name\":\"Escuela Gallega de Bienestar\",\"description\":\"Formaci\u00f3n para mellorar a calidade de vida e o benestar das persoas\",\"publisher\":{\"@id\":\"https:\\\/\\\/escuelagallegadebien-413541.hostingersite.com\\\/#organization\"},\"potentialAction\":[{\"@type\":\"SearchAction\",\"target\":{\"@type\":\"EntryPoint\",\"urlTemplate\":\"https:\\\/\\\/escuelagallegadebien-413541.hostingersite.com\\\/?s={search_term_string}\"},\"query-input\":{\"@type\":\"PropertyValueSpecification\",\"valueRequired\":true,\"valueName\":\"search_term_string\"}}],\"inLanguage\":\"gl-ES\"},{\"@type\":\"Organization\",\"@id\":\"https:\\\/\\\/escuelagallegadebien-413541.hostingersite.com\\\/#organization\",\"name\":\"Escuela Gallega de Bienestar\",\"url\":\"https:\\\/\\\/escuelagallegadebien-413541.hostingersite.com\\\/\",\"logo\":{\"@type\":\"ImageObject\",\"inLanguage\":\"gl-ES\",\"@id\":\"https:\\\/\\\/escuelagallegadebien-413541.hostingersite.com\\\/#\\\/schema\\\/logo\\\/image\\\/\",\"url\":\"https:\\\/\\\/escuelagallegadebienestar.es\\\/wp-content\\\/uploads\\\/2023\\\/06\\\/logo.jpg\",\"contentUrl\":\"https:\\\/\\\/escuelagallegadebienestar.es\\\/wp-content\\\/uploads\\\/2023\\\/06\\\/logo.jpg\",\"width\":404,\"height\":66,\"caption\":\"Escuela Gallega de Bienestar\"},\"image\":{\"@id\":\"https:\\\/\\\/escuelagallegadebien-413541.hostingersite.com\\\/#\\\/schema\\\/logo\\\/image\\\/\"}}]}<\/script>\n<!-- \/ Yoast SEO plugin. -->","yoast_head_json":{"title":"12 MEDITACIONES GUIADAS PARA SERENAR TU MENTE Y GESTIONAR TUS EMOCIONES CON MINDFULNESS - Escuela Gallega de Bienestar","robots":{"index":"index","follow":"follow","max-snippet":"max-snippet:-1","max-image-preview":"max-image-preview:large","max-video-preview":"max-video-preview:-1"},"canonical":"https:\/\/escuelagallegadebienestar.es\/gl\/product\/12-meditaciones-guiadas-para-serenar-tu-mente-y-gestionar-tus-emociones-con-mindfulness\/","og_locale":"gl_ES","og_type":"article","og_title":"12 MEDITACIONES GUIADAS PARA SERENAR TU MENTE Y GESTIONAR TUS EMOCIONES CON MINDFULNESS - Escuela Gallega de Bienestar","og_url":"https:\/\/escuelagallegadebienestar.es\/gl\/product\/12-meditaciones-guiadas-para-serenar-tu-mente-y-gestionar-tus-emociones-con-mindfulness\/","og_site_name":"Escuela Gallega de Bienestar","article_modified_time":"2024-11-20T09:13:28+00:00","og_image":[{"width":1920,"height":1080,"url":"https:\/\/escuelagallegadebien-413541.hostingersite.com\/wp-content\/uploads\/2024\/11\/Portada-Meditaciones-Guiadas.jpg","type":"image\/jpeg"}],"twitter_card":"summary_large_image","twitter_misc":{"Tempo de lectura":"3 minutos"},"schema":{"@context":"https:\/\/schema.org","@graph":[{"@type":"WebPage","@id":"https:\/\/escuelagallegadebienestar.es\/gl\/product\/12-meditaciones-guiadas-para-serenar-tu-mente-y-gestionar-tus-emociones-con-mindfulness\/","url":"https:\/\/escuelagallegadebienestar.es\/gl\/product\/12-meditaciones-guiadas-para-serenar-tu-mente-y-gestionar-tus-emociones-con-mindfulness\/","name":"12 MEDITACIONES GUIADAS PARA SERENAR TU MENTE Y GESTIONAR TUS EMOCIONES CON MINDFULNESS - Escuela Gallega de Bienestar","isPartOf":{"@id":"https:\/\/escuelagallegadebien-413541.hostingersite.com\/#website"},"primaryImageOfPage":{"@id":"https:\/\/escuelagallegadebienestar.es\/gl\/product\/12-meditaciones-guiadas-para-serenar-tu-mente-y-gestionar-tus-emociones-con-mindfulness\/#primaryimage"},"image":{"@id":"https:\/\/escuelagallegadebienestar.es\/gl\/product\/12-meditaciones-guiadas-para-serenar-tu-mente-y-gestionar-tus-emociones-con-mindfulness\/#primaryimage"},"thumbnailUrl":"https:\/\/escuelagallegadebienestar.es\/wp-content\/uploads\/2024\/11\/Portada-Meditaciones-Guiadas.jpg","datePublished":"2024-11-20T08:14:23+00:00","dateModified":"2024-11-20T09:13:28+00:00","breadcrumb":{"@id":"https:\/\/escuelagallegadebienestar.es\/gl\/product\/12-meditaciones-guiadas-para-serenar-tu-mente-y-gestionar-tus-emociones-con-mindfulness\/#breadcrumb"},"inLanguage":"gl-ES","potentialAction":[{"@type":"ReadAction","target":["https:\/\/escuelagallegadebienestar.es\/gl\/product\/12-meditaciones-guiadas-para-serenar-tu-mente-y-gestionar-tus-emociones-con-mindfulness\/"]}]},{"@type":"ImageObject","inLanguage":"gl-ES","@id":"https:\/\/escuelagallegadebienestar.es\/gl\/product\/12-meditaciones-guiadas-para-serenar-tu-mente-y-gestionar-tus-emociones-con-mindfulness\/#primaryimage","url":"https:\/\/escuelagallegadebienestar.es\/wp-content\/uploads\/2024\/11\/Portada-Meditaciones-Guiadas.jpg","contentUrl":"https:\/\/escuelagallegadebienestar.es\/wp-content\/uploads\/2024\/11\/Portada-Meditaciones-Guiadas.jpg","width":1920,"height":1080},{"@type":"BreadcrumbList","@id":"https:\/\/escuelagallegadebienestar.es\/gl\/product\/12-meditaciones-guiadas-para-serenar-tu-mente-y-gestionar-tus-emociones-con-mindfulness\/#breadcrumb","itemListElement":[{"@type":"ListItem","position":1,"name":"Portada","item":"https:\/\/escuelagallegadebien-413541.hostingersite.com\/inicio\/"},{"@type":"ListItem","position":2,"name":"Programas de formaci\u00f3n","item":"https:\/\/escuelagallegadebien-413541.hostingersite.com\/tienda\/"},{"@type":"ListItem","position":3,"name":"12 MEDITACIONES GUIADAS PARA SERENAR TU MENTE Y GESTIONAR TUS EMOCIONES CON MINDFULNESS"}]},{"@type":"WebSite","@id":"https:\/\/escuelagallegadebien-413541.hostingersite.com\/#website","url":"https:\/\/escuelagallegadebien-413541.hostingersite.com\/","name":"Escuela Gallega de Bienestar","description":"Formaci\u00f3n para mellorar a calidade de vida e o benestar das persoas","publisher":{"@id":"https:\/\/escuelagallegadebien-413541.hostingersite.com\/#organization"},"potentialAction":[{"@type":"SearchAction","target":{"@type":"EntryPoint","urlTemplate":"https:\/\/escuelagallegadebien-413541.hostingersite.com\/?s={search_term_string}"},"query-input":{"@type":"PropertyValueSpecification","valueRequired":true,"valueName":"search_term_string"}}],"inLanguage":"gl-ES"},{"@type":"Organization","@id":"https:\/\/escuelagallegadebien-413541.hostingersite.com\/#organization","name":"Escuela Gallega de Bienestar","url":"https:\/\/escuelagallegadebien-413541.hostingersite.com\/","logo":{"@type":"ImageObject","inLanguage":"gl-ES","@id":"https:\/\/escuelagallegadebien-413541.hostingersite.com\/#\/schema\/logo\/image\/","url":"https:\/\/escuelagallegadebienestar.es\/wp-content\/uploads\/2023\/06\/logo.jpg","contentUrl":"https:\/\/escuelagallegadebienestar.es\/wp-content\/uploads\/2023\/06\/logo.jpg","width":404,"height":66,"caption":"Escuela Gallega de Bienestar"},"image":{"@id":"https:\/\/escuelagallegadebien-413541.hostingersite.com\/#\/schema\/logo\/image\/"}}]}},"_links":{"self":[{"href":"https:\/\/escuelagallegadebienestar.es\/gl\/wp-json\/wp\/v2\/product\/2227","targetHints":{"allow":["GET"]}}],"collection":[{"href":"https:\/\/escuelagallegadebienestar.es\/gl\/wp-json\/wp\/v2\/product"}],"about":[{"href":"https:\/\/escuelagallegadebienestar.es\/gl\/wp-json\/wp\/v2\/types\/product"}],"replies":[{"embeddable":true,"href":"https:\/\/escuelagallegadebienestar.es\/gl\/wp-json\/wp\/v2\/comments?post=2227"}],"wp:featuredmedia":[{"embeddable":true,"href":"https:\/\/escuelagallegadebienestar.es\/gl\/wp-json\/wp\/v2\/media\/2228"}],"wp:attachment":[{"href":"https:\/\/escuelagallegadebienestar.es\/gl\/wp-json\/wp\/v2\/media?parent=2227"}],"wp:term":[{"taxonomy":"product_brand","embeddable":true,"href":"https:\/\/escuelagallegadebienestar.es\/gl\/wp-json\/wp\/v2\/product_brand?post=2227"},{"taxonomy":"product_cat","embeddable":true,"href":"https:\/\/escuelagallegadebienestar.es\/gl\/wp-json\/wp\/v2\/product_cat?post=2227"},{"taxonomy":"product_tag","embeddable":true,"href":"https:\/\/escuelagallegadebienestar.es\/gl\/wp-json\/wp\/v2\/product_tag?post=2227"}],"curies":[{"name":"wp","href":"https:\/\/api.w.org\/{rel}","templated":true}]}}