{"id":877,"date":"2023-06-23T18:16:35","date_gmt":"2023-06-23T16:16:35","guid":{"rendered":"https:\/\/escuelagallegadebienestar.es\/politica-de-privacidade\/"},"modified":"2023-08-31T18:14:17","modified_gmt":"2023-08-31T16:14:17","slug":"politica-de-privacidade","status":"publish","type":"page","link":"https:\/\/escuelagallegadebienestar.es\/gl\/politica-de-privacidade\/","title":{"rendered":"Pol\u00edtica de privacidade"},"content":{"rendered":"<section class=\"l-section wpb_row height_medium\"><div class=\"l-section-h i-cf\"><div class=\"g-cols vc_row via_grid cols_1 laptops-cols_inherit tablets-cols_inherit mobiles-cols_1 valign_top type_default stacking_default\"><div class=\"wpb_column vc_column_container\"><div class=\"vc_column-inner\"><div class=\"wpb_text_column\"><div class=\"wpb_wrapper\"><p>Beatriz P\u00e9rez Lema en aplicaci\u00f3n da normativa vixente en materia de protecci\u00f3n de datos de car\u00e1cter persoal, inf\u00f3rmase de que os datos persoais recollidos a trav\u00e9s dos formularios do Sitio web: www.escuelagallegadebienestar.es, incl\u00faense nos ficheiros automatizados espec\u00edficos de usuarios dos servizos de Beatriz P\u00e9rez Lema.<\/p>\n<p>A recollida e tratamento automatizado dos datos de car\u00e1cter persoal ten como finalidade o mantemento da relaci\u00f3n comercial e o desempe\u00f1o de tarefas de informaci\u00f3n, formaci\u00f3n, asesoramento e outras actividades propias de Beatriz P\u00e9rez Lema.<\/p>\n<p>Estes datos \u00fanicamente ser\u00e1n cedidos \u00e1s entidades que sexan necesarias co \u00fanico obxectivo de dar cumprimento \u00e1 finalidade anteriormente exposta.<\/p>\n<p>Beatriz P\u00e9rez Lema adoita as medidas necesarias para garantir a seguridade, integridade e confidencialidade dos datos de acordo co disposto no Regulamento (UE) 2016\/679 do Parlamento Europeo e do Consello, do 27 de abril de 2016, relativo \u00e1 protecci\u00f3n das persoas f\u00edsicas no que respecta ao tratamento de datos persoais e \u00e1 libre circulaci\u00f3n dos mesmos, e derrogando a antiga LOPD, a nova Lei Org\u00e1nica 3\/2018, do 5 de decembro, de Protecci\u00f3n de Datos e Garant\u00eda dos Dereitos Dixitais (LOPDGDD)<\/p>\n<p>O usuario poder\u00e1 en calquera momento exercer os dereitos de acceso, oposici\u00f3n, rectificaci\u00f3n, cancelaci\u00f3n, limitaci\u00f3n e portabilidade reco\u00f1ecidos no mencionado Regulamento (UE). O exercicio destes dereitos poderao realizar o propio usuario a trav\u00e9s de correo electr\u00f3nico a: info@escuelagallegadebienestar.es ou no enderezo: Avda. das Mari\u00f1as, s\/n, Pazo de Arenaza, 15171 I\u00f1\u00e1s, Oleiros (A Coru\u00f1a).<\/p>\n<p>O usuario manifesta que todos os datos facilitados por el son certos e correctos, e comprom\u00e9tese a mantelos actualizados, comunicando os cambios a Beatriz P\u00e9rez Lema.<\/p>\n<p>Finalidade do tratamento dos datos persoais:<\/p>\n<p><b>\u00bfCon qu\u00e9 finalidade trataremos os teus datos persoais? <\/b><\/p>\n<p>Na Escola Galega de Benestar, trataremos os teus datos persoais recollidos a trav\u00e9s do Sitio Web: www.escuelagallegadebienestar.es, coas seguintes finalidades:<\/p>\n<ol>\n<li>Env\u00edo de informaci\u00f3n comercial e bolet\u00edns sobre novos servizos ofrecidos na web e do sector.<\/li>\n<li>Enviar informaci\u00f3n promocional por v\u00eda electr\u00f3nica<\/li>\n<li>Facilitar a informaci\u00f3n solicitada polo usuario a trav\u00e9s do formulario de contacto.<\/li>\n<\/ol>\n<p>Lembr\u00e1moste que podes opo\u00f1erte ao env\u00edo de comunicaci\u00f3ns comerciais por calquera v\u00eda e en calquera momento, enviando un correo electr\u00f3nico \u00e1 direcci\u00f3n previamente indicada.<\/p>\n<p>Os campos destes rexistros son de cumprimento obrigatorio, sendo imposible realizar as finalidades expresadas se non se aportan esos datos.<\/p>\n<p><b>\u00bfPor canto tempo se conservan os datos persoais recollidos? <\/b><\/p>\n<p>Os datos persoais proporcionados conservaranse mentres se mante\u00f1a a relaci\u00f3n comercial ou non solicites a s\u00faa supresi\u00f3n e durante o prazo polo cal puidesen derivarse responsabilidades legais polos servizos prestados.<\/p>\n<p><b>Lexitimaci\u00f3n<\/b><b> <\/b><\/p>\n<p>O tratamento dos teus datos real\u00edzase coas seguintes bases xur\u00eddicas que lexitiman o mesmo:<\/p>\n<ol>\n<li>A solicitude de informaci\u00f3n e\/ou a contrataci\u00f3n dos servizos de Beatriz P\u00e9rez Lema, cuxos termos e condici\u00f3ns poranse \u00e1 t\u00faa disposici\u00f3n en todo caso, de forma previa a unha eventual contrataci\u00f3n.<\/li>\n<li>O consentimento libre, espec\u00edfico, informado e inequ\u00edvoco, xa que che informamos po\u00f1endo \u00e1 t\u00faa disposici\u00f3n a presente pol\u00edtica de privacidade, que tras a lectura da mesma, en caso de estar conforme, podes aceptar mediante unha declaraci\u00f3n ou unha clara acci\u00f3n afirmativa, como o marcado dunha casilla disposta ao efecto.<\/li>\n<\/ol>\n<p>No caso de que non nos facilites os teus datos ou o fagas de forma err\u00f3nea ou incompleta, non poderemos atender \u00e1 t\u00faa solicitude, resultando do todo imposible proporcionarte a informaci\u00f3n solicitada ou levar a cabo a contrataci\u00f3n dos servizos.<\/p>\n<p><b>Destinatarios:<\/b><b> <\/b><\/p>\n<p>Os datos non se comunicar\u00e1n a ning\u00fan terceiro alleo a Beatriz P\u00e9rez Lema, salvo obrigaci\u00f3n legal.&#8221;<\/p>\n<p><b>Datos recopilados por usuarios dos servizos:<\/b><b> <\/b><\/p>\n<p>Nos casos nos que o usuario incl\u00faa ficheiros con datos de car\u00e1cter persoal nos servidores de aloxamento compartido, Beatriz P\u00e9rez Lema non se fai responsable do incumprimento por parte do usuario do RGPD<\/p>\n<p><b>Derechos propiedad intelectual www.escuelagallegadebienestar.es<\/b><b> <\/b><\/p>\n<p>Beatriz P\u00e9rez Lema \u00e9 titular de todos os dereitos de autor, propiedade intelectual, industrial, &#8216;know how&#8217; e cantos outros dereitos gardan relaci\u00f3n cos contidos do sitio web www.escuelagallegadebienestar.es e os servizos ofertados no mesmo, as\u00ed como dos programas necesarios para a s\u00faa implementaci\u00f3n e a informaci\u00f3n relacionada.<\/p>\n<p>Non se permite a reproduci\u00f3n, publicaci\u00f3n e\/ou uso non estritamente privado dos contidos, totais ou parciais, do sitio web www.escuelagallegadebienestar.es sen o consentimento previo e por escrito.<\/p>\n<p><b>Propiedade intelectual do software<\/b><b> <\/b><\/p>\n<p>O usuario debe respectar os programas de terceiros postos \u00e1 s\u00faa disposici\u00f3n por Beatriz P\u00e9rez Lema, a\u00ednda sendo gratu\u00edtos e\/ou de disposici\u00f3n p\u00fablica.<\/p>\n<p>Beatriz P\u00e9rez Lema disp\u00f3n dos dereitos de explotaci\u00f3n e propiedade intelectual necesarios do software.<\/p>\n<p>O usuario non adquire dereito alg\u00fan ou licenza polo servizo contratado, sobre o software necesario para a prestaci\u00f3n do servizo, nin tampouco sobre a informaci\u00f3n t\u00e9cnica de seguimento do servizo, excepci\u00f3n feita dos dereitos e licenzas necesarios para o cumprimento dos servizos contratados e s\u00f3 durante a duraci\u00f3n dos mesmos.<\/p>\n<p>Para toda actuaci\u00f3n que exceda do cumprimento do contrato, o usuario necesitar\u00e1 autorizaci\u00f3n por escrito por parte de Beatriz P\u00e9rez Lema quedando prohibido ao usuario acceder, modificar, visualizar a configuraci\u00f3n, estrutura e ficheiros dos servidores propiedade de Beatriz P\u00e9rez Lema, asumindo a responsabilidade civil e penal derivada de calquera incidencia que se puidera producir nos servidores e sistemas de seguridade como consecuencia directa dunha actuaci\u00f3n neglixente ou maliciosa por parte do usuario.<\/p>\n<p><b>Propiedade intelectual dos contidos aloxados<\/b><b> <\/b><\/p>\n<p>Proh\u00edbese o uso contrario \u00e1 lexislaci\u00f3n sobre propiedade intelectual dos servizos prestados por Beatriz P\u00e9rez Lema e, en particular de:<\/p>\n<ol>\n<li>A utilizaci\u00f3n que sexa contraria \u00e1s leis espa\u00f1olas ou que infrinxa os dereitos de terceiros.<\/li>\n<li>A publicaci\u00f3n ou transmisi\u00f3n de calquera contido que, a criterio de Beatriz P\u00e9rez Lema, resulte violento, obsceno, abusivo, ilegal, racial, xen\u00f3fobo ou difamatorio. 3. Os cracks, n\u00fameros de serie de programas ou calquera outro contido que vulnere dereitos da propiedade intelectual de terceiros.<\/li>\n<li>A recollida e\/ou utilizaci\u00f3n de datos persoais de outros usuarios sen o seu consentimento expreso ou contravindo o disposto no Regulamento (UE) 2016\/679 do Parlamento Europeo e do Consello, do 27 de abril de 2016, relativo \u00e1 protecci\u00f3n das persoas f\u00edsicas no que respecta ao tratamento de datos persoais e \u00e1 libre circulaci\u00f3n de<\/li>\n<\/ol>\n<p>os mesmos.<\/p>\n<ol start=\"5\">\n<li>A utilizaci\u00f3n do servidor de correo do dominio e das direcci\u00f3ns de correo electr\u00f3nico para o env\u00edo de correo masivo non desexado.<\/li>\n<\/ol>\n<p>O usuario ten toda a responsabilidade sobre o contido da s\u00faa web, a informaci\u00f3n transmitida e almacenada, os enlaces de hipertexto, as reivindicaci\u00f3ns de terceiros e as acci\u00f3ns legais en referencia \u00e1 propiedade intelectual, dereitos de terceiros e protecci\u00f3n de menores.<\/p>\n<p>O usuario \u00e9 responsable respecto \u00e1s leis e regulamentos en vigor e \u00e1s regras que te\u00f1en que ver co funcionamento do servizo en li\u00f1a, comercio electr\u00f3nico, dereitos de autor, mantemento da orde p\u00fablica, as\u00ed como principios universais de uso de Internet.<\/p>\n<p>O usuario indemnizar\u00e1 a Beatriz P\u00e9rez Lema Lema polos gastos que xerara a imputaci\u00f3n de Beatriz P\u00e9rez Lema en calquera causa cuxa responsabilidade fose atribu\u00edble ao usuario, inclu\u00eddos honorarios e gastos de defensa xur\u00eddica, incluso no caso dunha decisi\u00f3n xudicial non definitiva.<\/p>\n<p><b>Protecci\u00f3n da informaci\u00f3n aloxada<\/b><b> <\/b><\/p>\n<p>Beatriz P\u00e9rez Lema realiza copias de seguridade dos contidos aloxados nos seus servidores, sen embargo, non se responsabiliza da perda ou o borrado accidental dos datos por parte dos usuarios. Do mesmo xeito, non garante a reposici\u00f3n total dos datos borrados polos usuarios, xa que os ditos datos poder\u00edan ter sido suprimidos e\/ou modificados durante o per\u00edodo de tempo transcorrido desde a \u00faltima copia de seguridade.<\/p>\n<p>Os servizos ofertados, excepto os servizos espec\u00edficos de copia de seguridade, non incl\u00faen a reposici\u00f3n dos contidos conservados nas copias de seguridade realizadas por Beatriz P\u00e9rez Lema, cando esta perda sexa imputable ao usuario; neste caso, determinarase unha tarifa acorde \u00e1 complexidade e volume da recuperaci\u00f3n, sempre previa aceptaci\u00f3n do usuario.<\/p>\n<p>A reposici\u00f3n de datos borrados s\u00f3 est\u00e1 inclu\u00edda no prezo do servizo cando a perda do contido sexa debida a causas atribu\u00edbles a Beatriz P\u00e9rez Lema.<\/p>\n<p><b>Comunicaci\u00f3ns comerciais<\/b><b> <\/b><\/p>\n<p>En aplicaci\u00f3n da LSSI. Beatriz P\u00e9rez Lema non enviar\u00e1 comunicaci\u00f3ns publicitarias ou promocionais por correo electr\u00f3nico ou outro medio de comunicaci\u00f3n electr\u00f3nica equivalente que previamente non fosen solicitadas ou expresamente autorizadas polos destinatarios das mesmas.<\/p>\n<p>No caso de usuarios cos que exista unha relaci\u00f3n contractual previa, Beatriz P\u00e9rez Lema si est\u00e1 autorizada ao env\u00edo de comunicaci\u00f3ns comerciais referentes a produtos ou servizos de Beatriz P\u00e9rez Lema que sexan similares aos que inicialmente foron obxecto de contrataci\u00f3n co cliente.<\/p>\n<p>En todo caso, o usuario, tras acreditar a s\u00faa identidade, poder\u00e1 solicitar que non se lle faga chegar m\u00e1is informaci\u00f3n comercial a trav\u00e9s dos canais de Atenci\u00f3n ao Cliente.<\/p>\n<\/div><\/div><\/div><\/div><\/div><\/div><\/section>\n","protected":false},"excerpt":{"rendered":"Beatriz P\u00e9rez Lema en aplicaci\u00f3n da normativa vixente en materia de protecci\u00f3n de datos de car\u00e1cter persoal, inf\u00f3rmase de que os datos persoais recollidos a trav\u00e9s dos formularios do Sitio web: www.escuelagallegadebienestar.es, incl\u00faense nos ficheiros automatizados espec\u00edficos de usuarios dos servizos de Beatriz P\u00e9rez Lema. A recollida e tratamento automatizado dos datos de car\u00e1cter persoal...","protected":false},"author":1,"featured_media":0,"parent":0,"menu_order":0,"comment_status":"closed","ping_status":"closed","template":"","meta":{"footnotes":""},"class_list":["post-877","page","type-page","status-publish","hentry"],"yoast_head":"<!-- This site is optimized with the Yoast SEO plugin v27.6 - https:\/\/yoast.com\/product\/yoast-seo-wordpress\/ -->\n<title>Pol\u00edtica de privacidade - Escuela Gallega de Bienestar<\/title>\n<meta name=\"robots\" content=\"index, follow, max-snippet:-1, max-image-preview:large, max-video-preview:-1\" \/>\n<link rel=\"canonical\" href=\"https:\/\/escuelagallegadebienestar.es\/gl\/politica-de-privacidade\/\" \/>\n<meta property=\"og:locale\" content=\"gl_ES\" \/>\n<meta property=\"og:type\" content=\"article\" \/>\n<meta property=\"og:title\" content=\"Pol\u00edtica de privacidade - Escuela Gallega de Bienestar\" \/>\n<meta property=\"og:url\" content=\"https:\/\/escuelagallegadebienestar.es\/gl\/politica-de-privacidade\/\" \/>\n<meta property=\"og:site_name\" content=\"Escuela Gallega de Bienestar\" \/>\n<meta property=\"article:modified_time\" content=\"2023-08-31T16:14:17+00:00\" \/>\n<meta name=\"twitter:card\" content=\"summary_large_image\" \/>\n<meta name=\"twitter:label1\" content=\"Tempo de lectura\" \/>\n\t<meta name=\"twitter:data1\" content=\"8 minutos\" \/>\n<script type=\"application\/ld+json\" class=\"yoast-schema-graph\">{\"@context\":\"https:\\\/\\\/schema.org\",\"@graph\":[{\"@type\":\"WebPage\",\"@id\":\"https:\\\/\\\/escuelagallegadebienestar.es\\\/gl\\\/politica-de-privacidade\\\/\",\"url\":\"https:\\\/\\\/escuelagallegadebienestar.es\\\/gl\\\/politica-de-privacidade\\\/\",\"name\":\"Pol\u00edtica de privacidade - Escuela Gallega de Bienestar\",\"isPartOf\":{\"@id\":\"https:\\\/\\\/escuelagallegadebien-413541.hostingersite.com\\\/#website\"},\"datePublished\":\"2023-06-23T16:16:35+00:00\",\"dateModified\":\"2023-08-31T16:14:17+00:00\",\"breadcrumb\":{\"@id\":\"https:\\\/\\\/escuelagallegadebienestar.es\\\/gl\\\/politica-de-privacidade\\\/#breadcrumb\"},\"inLanguage\":\"gl-ES\",\"potentialAction\":[{\"@type\":\"ReadAction\",\"target\":[\"https:\\\/\\\/escuelagallegadebienestar.es\\\/gl\\\/politica-de-privacidade\\\/\"]}]},{\"@type\":\"BreadcrumbList\",\"@id\":\"https:\\\/\\\/escuelagallegadebienestar.es\\\/gl\\\/politica-de-privacidade\\\/#breadcrumb\",\"itemListElement\":[{\"@type\":\"ListItem\",\"position\":1,\"name\":\"Portada\",\"item\":\"https:\\\/\\\/escuelagallegadebien-413541.hostingersite.com\\\/inicio\\\/\"},{\"@type\":\"ListItem\",\"position\":2,\"name\":\"Pol\u00edtica de privacidade\"}]},{\"@type\":\"WebSite\",\"@id\":\"https:\\\/\\\/escuelagallegadebien-413541.hostingersite.com\\\/#website\",\"url\":\"https:\\\/\\\/escuelagallegadebien-413541.hostingersite.com\\\/\",\"name\":\"Escuela Gallega de Bienestar\",\"description\":\"Formaci\u00f3n para mellorar a calidade de vida e o benestar das persoas\",\"publisher\":{\"@id\":\"https:\\\/\\\/escuelagallegadebien-413541.hostingersite.com\\\/#organization\"},\"potentialAction\":[{\"@type\":\"SearchAction\",\"target\":{\"@type\":\"EntryPoint\",\"urlTemplate\":\"https:\\\/\\\/escuelagallegadebien-413541.hostingersite.com\\\/?s={search_term_string}\"},\"query-input\":{\"@type\":\"PropertyValueSpecification\",\"valueRequired\":true,\"valueName\":\"search_term_string\"}}],\"inLanguage\":\"gl-ES\"},{\"@type\":\"Organization\",\"@id\":\"https:\\\/\\\/escuelagallegadebien-413541.hostingersite.com\\\/#organization\",\"name\":\"Escuela Gallega de Bienestar\",\"url\":\"https:\\\/\\\/escuelagallegadebien-413541.hostingersite.com\\\/\",\"logo\":{\"@type\":\"ImageObject\",\"inLanguage\":\"gl-ES\",\"@id\":\"https:\\\/\\\/escuelagallegadebien-413541.hostingersite.com\\\/#\\\/schema\\\/logo\\\/image\\\/\",\"url\":\"https:\\\/\\\/escuelagallegadebienestar.es\\\/wp-content\\\/uploads\\\/2023\\\/06\\\/logo.jpg\",\"contentUrl\":\"https:\\\/\\\/escuelagallegadebienestar.es\\\/wp-content\\\/uploads\\\/2023\\\/06\\\/logo.jpg\",\"width\":404,\"height\":66,\"caption\":\"Escuela Gallega de Bienestar\"},\"image\":{\"@id\":\"https:\\\/\\\/escuelagallegadebien-413541.hostingersite.com\\\/#\\\/schema\\\/logo\\\/image\\\/\"}}]}<\/script>\n<!-- \/ Yoast SEO plugin. -->","yoast_head_json":{"title":"Pol\u00edtica de privacidade - Escuela Gallega de Bienestar","robots":{"index":"index","follow":"follow","max-snippet":"max-snippet:-1","max-image-preview":"max-image-preview:large","max-video-preview":"max-video-preview:-1"},"canonical":"https:\/\/escuelagallegadebienestar.es\/gl\/politica-de-privacidade\/","og_locale":"gl_ES","og_type":"article","og_title":"Pol\u00edtica de privacidade - Escuela Gallega de Bienestar","og_url":"https:\/\/escuelagallegadebienestar.es\/gl\/politica-de-privacidade\/","og_site_name":"Escuela Gallega de Bienestar","article_modified_time":"2023-08-31T16:14:17+00:00","twitter_card":"summary_large_image","twitter_misc":{"Tempo de lectura":"8 minutos"},"schema":{"@context":"https:\/\/schema.org","@graph":[{"@type":"WebPage","@id":"https:\/\/escuelagallegadebienestar.es\/gl\/politica-de-privacidade\/","url":"https:\/\/escuelagallegadebienestar.es\/gl\/politica-de-privacidade\/","name":"Pol\u00edtica de privacidade - Escuela Gallega de Bienestar","isPartOf":{"@id":"https:\/\/escuelagallegadebien-413541.hostingersite.com\/#website"},"datePublished":"2023-06-23T16:16:35+00:00","dateModified":"2023-08-31T16:14:17+00:00","breadcrumb":{"@id":"https:\/\/escuelagallegadebienestar.es\/gl\/politica-de-privacidade\/#breadcrumb"},"inLanguage":"gl-ES","potentialAction":[{"@type":"ReadAction","target":["https:\/\/escuelagallegadebienestar.es\/gl\/politica-de-privacidade\/"]}]},{"@type":"BreadcrumbList","@id":"https:\/\/escuelagallegadebienestar.es\/gl\/politica-de-privacidade\/#breadcrumb","itemListElement":[{"@type":"ListItem","position":1,"name":"Portada","item":"https:\/\/escuelagallegadebien-413541.hostingersite.com\/inicio\/"},{"@type":"ListItem","position":2,"name":"Pol\u00edtica de privacidade"}]},{"@type":"WebSite","@id":"https:\/\/escuelagallegadebien-413541.hostingersite.com\/#website","url":"https:\/\/escuelagallegadebien-413541.hostingersite.com\/","name":"Escuela Gallega de Bienestar","description":"Formaci\u00f3n para mellorar a calidade de vida e o benestar das persoas","publisher":{"@id":"https:\/\/escuelagallegadebien-413541.hostingersite.com\/#organization"},"potentialAction":[{"@type":"SearchAction","target":{"@type":"EntryPoint","urlTemplate":"https:\/\/escuelagallegadebien-413541.hostingersite.com\/?s={search_term_string}"},"query-input":{"@type":"PropertyValueSpecification","valueRequired":true,"valueName":"search_term_string"}}],"inLanguage":"gl-ES"},{"@type":"Organization","@id":"https:\/\/escuelagallegadebien-413541.hostingersite.com\/#organization","name":"Escuela Gallega de Bienestar","url":"https:\/\/escuelagallegadebien-413541.hostingersite.com\/","logo":{"@type":"ImageObject","inLanguage":"gl-ES","@id":"https:\/\/escuelagallegadebien-413541.hostingersite.com\/#\/schema\/logo\/image\/","url":"https:\/\/escuelagallegadebienestar.es\/wp-content\/uploads\/2023\/06\/logo.jpg","contentUrl":"https:\/\/escuelagallegadebienestar.es\/wp-content\/uploads\/2023\/06\/logo.jpg","width":404,"height":66,"caption":"Escuela Gallega de Bienestar"},"image":{"@id":"https:\/\/escuelagallegadebien-413541.hostingersite.com\/#\/schema\/logo\/image\/"}}]}},"_links":{"self":[{"href":"https:\/\/escuelagallegadebienestar.es\/gl\/wp-json\/wp\/v2\/pages\/877","targetHints":{"allow":["GET"]}}],"collection":[{"href":"https:\/\/escuelagallegadebienestar.es\/gl\/wp-json\/wp\/v2\/pages"}],"about":[{"href":"https:\/\/escuelagallegadebienestar.es\/gl\/wp-json\/wp\/v2\/types\/page"}],"author":[{"embeddable":true,"href":"https:\/\/escuelagallegadebienestar.es\/gl\/wp-json\/wp\/v2\/users\/1"}],"replies":[{"embeddable":true,"href":"https:\/\/escuelagallegadebienestar.es\/gl\/wp-json\/wp\/v2\/comments?post=877"}],"version-history":[{"count":2,"href":"https:\/\/escuelagallegadebienestar.es\/gl\/wp-json\/wp\/v2\/pages\/877\/revisions"}],"predecessor-version":[{"id":879,"href":"https:\/\/escuelagallegadebienestar.es\/gl\/wp-json\/wp\/v2\/pages\/877\/revisions\/879"}],"wp:attachment":[{"href":"https:\/\/escuelagallegadebienestar.es\/gl\/wp-json\/wp\/v2\/media?parent=877"}],"curies":[{"name":"wp","href":"https:\/\/api.w.org\/{rel}","templated":true}]}}