{"id":876,"date":"2023-08-31T11:05:08","date_gmt":"2023-08-31T09:05:08","guid":{"rendered":"https:\/\/escuelagallegadebienestar.es\/aviso-xuridico\/"},"modified":"2023-08-31T11:05:08","modified_gmt":"2023-08-31T09:05:08","slug":"aviso-xuridico","status":"publish","type":"page","link":"https:\/\/escuelagallegadebienestar.es\/gl\/aviso-xuridico\/","title":{"rendered":"Aviso xur\u00eddico"},"content":{"rendered":"<p>En cumprimento do deber de informaci\u00f3n establecido no Artigo 10 da Lei 34\/2002, do 11 de xullo, de Servizos da Sociedade da Informaci\u00f3n e Comercio Electr\u00f3nico (LSSICE), o propietario do sitio web informa o seguinte:<\/p>\n<ul>\n<li>Denominaci\u00f3n social: Beatriz P\u00e9rez Lema<\/li>\n<li>NIF: 46911952W<\/li>\n<li>Enderezo: Avda. das Mari\u00f1as, s\/n, Pazo de Arenaza, 15171 I\u00f1\u00e1s, Oleiros (A Coru\u00f1a)<\/li>\n<\/ul>\n<p>Cos l\u00edmites establecidos pola lei, Beatriz P\u00e9rez Lema non asume ningunha responsabilidade derivada da falta de veracidade, integridade, actualizaci\u00f3n e precisi\u00f3n dos datos ou informaci\u00f3ns que conte\u00f1en as s\u00faas p\u00e1xinas web.<\/p>\n<p>Os contidos e informaci\u00f3ns non vinculan a Beatriz P\u00e9rez Lema nin constit\u00faen opini\u00f3ns, consellos ou asesoramento legal de ning\u00fan tipo xa que se trata meramente dun servizo ofrecido con car\u00e1cter informativo e divulgativo.<\/p>\n<p>As p\u00e1xinas de Internet de Beatriz P\u00e9rez Lema poden conter enlaces (ligaz\u00f3ns) a outras p\u00e1xinas de terceiras partes que Beatriz P\u00e9rez Lema non pode controlar. Por iso, Beatriz P\u00e9rez Lema non pode asumir responsabilidades polo contido que poida aparecer en p\u00e1xinas de terceiros.<\/p>\n<p>Os textos, imaxes, sons, animaci\u00f3ns, software e o resto de contidos inclu\u00eddos neste sitio web son propiedade exclusiva de Beatriz P\u00e9rez Lema ou dos seus licenciantes. Calquera acto de transmisi\u00f3n, distribuci\u00f3n, cesi\u00f3n, reproduci\u00f3n, almacenamento ou comunicaci\u00f3n p\u00fablica total ou parcial, deber\u00e1 contar co consentimento expreso de Beatriz P\u00e9rez Lema.<\/p>\n<p>Do mesmo xeito, para acceder a alg\u00fans dos servizos que Beatriz P\u00e9rez Lema ofrece a trav\u00e9s do sitio web, deber\u00e1 proporcionar alg\u00fans datos de car\u00e1cter persoal. En cumprimento do establecido no Regulamento (UE) 2016\/679 do Parlamento Europeo e do Consello, do 27 de abril de 2016, relativo \u00e1 protecci\u00f3n das persoas f\u00edsicas no que respecta ao tratamento de datos persoais e \u00e1 libre circulaci\u00f3n destes datos, inf\u00f3rmase que, mediante a cumplimentaci\u00f3n dos presentes formularios, os seus datos persoais quedar\u00e1n incorporados e ser\u00e1n tratados nos ficheiros de Beatriz P\u00e9rez Lema co fin de poderlle prestar e ofrecer os nosos servizos, as\u00ed como para informarlle das mellores do sitio web.<\/p>\n<p>Tam\u00e9n lle informamos de que ter\u00e1 a posibilidade en todo momento de exercer os dereitos de acceso, rectificaci\u00f3n, cancelaci\u00f3n, oposici\u00f3n, limitaci\u00f3n e portabilidade dos seus datos de car\u00e1cter persoal, de maneira gratuita a trav\u00e9s do correo electr\u00f3nico: info@escuelagallegadebienestar.es ou na direcci\u00f3n: Avda. das Mari\u00f1as, s\/n, Pazo de Arenaza, 15171 I\u00f1\u00e1s, Oleiros (A Coru\u00f1a).<\/p>\n","protected":false},"excerpt":{"rendered":"<p>En cumprimento do deber de informaci\u00f3n establecido no Artigo 10 da Lei 34\/2002, do 11 de xullo, de Servizos da Sociedade da Informaci\u00f3n e Comercio Electr\u00f3nico (LSSICE), o propietario do sitio web informa o seguinte: Denominaci\u00f3n social: Beatriz P\u00e9rez Lema NIF: 46911952W Enderezo: Avda. das Mari\u00f1as, s\/n, Pazo de Arenaza, 15171 I\u00f1\u00e1s, Oleiros (A Coru\u00f1a)&#8230;<\/p>\n","protected":false},"author":1,"featured_media":0,"parent":0,"menu_order":0,"comment_status":"closed","ping_status":"closed","template":"","meta":{"footnotes":""},"class_list":["post-876","page","type-page","status-publish","hentry"],"yoast_head":"<!-- This site is optimized with the Yoast SEO plugin v23.9 - https:\/\/yoast.com\/wordpress\/plugins\/seo\/ -->\n<title>Aviso xur\u00eddico - Escuela Gallega de Bienestar<\/title>\n<meta name=\"robots\" content=\"noindex, follow\" \/>\n<meta property=\"og:locale\" content=\"gl_ES\" \/>\n<meta property=\"og:type\" content=\"article\" \/>\n<meta property=\"og:title\" content=\"Aviso xur\u00eddico - Escuela Gallega de Bienestar\" \/>\n<meta property=\"og:description\" content=\"En cumprimento do deber de informaci\u00f3n establecido no Artigo 10 da Lei 34\/2002, do 11 de xullo, de Servizos da Sociedade da Informaci\u00f3n e Comercio Electr\u00f3nico (LSSICE), o propietario do sitio web informa o seguinte: Denominaci\u00f3n social: Beatriz P\u00e9rez Lema NIF: 46911952W Enderezo: Avda. das Mari\u00f1as, s\/n, Pazo de Arenaza, 15171 I\u00f1\u00e1s, Oleiros (A Coru\u00f1a)...\" \/>\n<meta property=\"og:url\" content=\"https:\/\/escuelagallegadebienestar.es\/gl\/aviso-xuridico\/\" \/>\n<meta property=\"og:site_name\" content=\"Escuela Gallega de Bienestar\" \/>\n<meta name=\"twitter:card\" content=\"summary_large_image\" \/>\n<meta name=\"twitter:label1\" content=\"Tempo de lectura\" \/>\n\t<meta name=\"twitter:data1\" content=\"2 minutos\" \/>\n<script type=\"application\/ld+json\" class=\"yoast-schema-graph\">{\"@context\":\"https:\/\/schema.org\",\"@graph\":[{\"@type\":\"WebPage\",\"@id\":\"https:\/\/escuelagallegadebienestar.es\/gl\/aviso-xuridico\/\",\"url\":\"https:\/\/escuelagallegadebienestar.es\/gl\/aviso-xuridico\/\",\"name\":\"Aviso xur\u00eddico - Escuela Gallega de Bienestar\",\"isPartOf\":{\"@id\":\"https:\/\/escuelagallegadebienestar.es\/gl\/#website\"},\"datePublished\":\"2023-08-31T09:05:08+00:00\",\"dateModified\":\"2023-08-31T09:05:08+00:00\",\"breadcrumb\":{\"@id\":\"https:\/\/escuelagallegadebienestar.es\/gl\/aviso-xuridico\/#breadcrumb\"},\"inLanguage\":\"gl-ES\",\"potentialAction\":[{\"@type\":\"ReadAction\",\"target\":[\"https:\/\/escuelagallegadebienestar.es\/gl\/aviso-xuridico\/\"]}]},{\"@type\":\"BreadcrumbList\",\"@id\":\"https:\/\/escuelagallegadebienestar.es\/gl\/aviso-xuridico\/#breadcrumb\",\"itemListElement\":[{\"@type\":\"ListItem\",\"position\":1,\"name\":\"Portada\",\"item\":\"https:\/\/escuelagallegadebienestar.es\/gl\/inicio\/\"},{\"@type\":\"ListItem\",\"position\":2,\"name\":\"Aviso xur\u00eddico\"}]},{\"@type\":\"WebSite\",\"@id\":\"https:\/\/escuelagallegadebienestar.es\/gl\/#website\",\"url\":\"https:\/\/escuelagallegadebienestar.es\/gl\/\",\"name\":\"Escuela Gallega de Bienestar\",\"description\":\"Formaci\u00f3n para mellorar a calidade de vida e o benestar das persoas\",\"publisher\":{\"@id\":\"https:\/\/escuelagallegadebienestar.es\/gl\/#organization\"},\"potentialAction\":[{\"@type\":\"SearchAction\",\"target\":{\"@type\":\"EntryPoint\",\"urlTemplate\":\"https:\/\/escuelagallegadebienestar.es\/gl\/?s={search_term_string}\"},\"query-input\":{\"@type\":\"PropertyValueSpecification\",\"valueRequired\":true,\"valueName\":\"search_term_string\"}}],\"inLanguage\":\"gl-ES\"},{\"@type\":\"Organization\",\"@id\":\"https:\/\/escuelagallegadebienestar.es\/gl\/#organization\",\"name\":\"Escuela Gallega de Bienestar\",\"url\":\"https:\/\/escuelagallegadebienestar.es\/gl\/\",\"logo\":{\"@type\":\"ImageObject\",\"inLanguage\":\"gl-ES\",\"@id\":\"https:\/\/escuelagallegadebienestar.es\/gl\/#\/schema\/logo\/image\/\",\"url\":\"https:\/\/escuelagallegadebienestar.es\/wp-content\/uploads\/2023\/06\/logo.jpg\",\"contentUrl\":\"https:\/\/escuelagallegadebienestar.es\/wp-content\/uploads\/2023\/06\/logo.jpg\",\"width\":404,\"height\":66,\"caption\":\"Escuela Gallega de Bienestar\"},\"image\":{\"@id\":\"https:\/\/escuelagallegadebienestar.es\/gl\/#\/schema\/logo\/image\/\"}}]}<\/script>\n<!-- \/ Yoast SEO plugin. -->","yoast_head_json":{"title":"Aviso xur\u00eddico - Escuela Gallega de Bienestar","robots":{"index":"noindex","follow":"follow"},"og_locale":"gl_ES","og_type":"article","og_title":"Aviso xur\u00eddico - Escuela Gallega de Bienestar","og_description":"En cumprimento do deber de informaci\u00f3n establecido no Artigo 10 da Lei 34\/2002, do 11 de xullo, de Servizos da Sociedade da Informaci\u00f3n e Comercio Electr\u00f3nico (LSSICE), o propietario do sitio web informa o seguinte: Denominaci\u00f3n social: Beatriz P\u00e9rez Lema NIF: 46911952W Enderezo: Avda. das Mari\u00f1as, s\/n, Pazo de Arenaza, 15171 I\u00f1\u00e1s, Oleiros (A Coru\u00f1a)...","og_url":"https:\/\/escuelagallegadebienestar.es\/gl\/aviso-xuridico\/","og_site_name":"Escuela Gallega de Bienestar","twitter_card":"summary_large_image","twitter_misc":{"Tempo de lectura":"2 minutos"},"schema":{"@context":"https:\/\/schema.org","@graph":[{"@type":"WebPage","@id":"https:\/\/escuelagallegadebienestar.es\/gl\/aviso-xuridico\/","url":"https:\/\/escuelagallegadebienestar.es\/gl\/aviso-xuridico\/","name":"Aviso xur\u00eddico - Escuela Gallega de Bienestar","isPartOf":{"@id":"https:\/\/escuelagallegadebienestar.es\/gl\/#website"},"datePublished":"2023-08-31T09:05:08+00:00","dateModified":"2023-08-31T09:05:08+00:00","breadcrumb":{"@id":"https:\/\/escuelagallegadebienestar.es\/gl\/aviso-xuridico\/#breadcrumb"},"inLanguage":"gl-ES","potentialAction":[{"@type":"ReadAction","target":["https:\/\/escuelagallegadebienestar.es\/gl\/aviso-xuridico\/"]}]},{"@type":"BreadcrumbList","@id":"https:\/\/escuelagallegadebienestar.es\/gl\/aviso-xuridico\/#breadcrumb","itemListElement":[{"@type":"ListItem","position":1,"name":"Portada","item":"https:\/\/escuelagallegadebienestar.es\/gl\/inicio\/"},{"@type":"ListItem","position":2,"name":"Aviso xur\u00eddico"}]},{"@type":"WebSite","@id":"https:\/\/escuelagallegadebienestar.es\/gl\/#website","url":"https:\/\/escuelagallegadebienestar.es\/gl\/","name":"Escuela Gallega de Bienestar","description":"Formaci\u00f3n para mellorar a calidade de vida e o benestar das persoas","publisher":{"@id":"https:\/\/escuelagallegadebienestar.es\/gl\/#organization"},"potentialAction":[{"@type":"SearchAction","target":{"@type":"EntryPoint","urlTemplate":"https:\/\/escuelagallegadebienestar.es\/gl\/?s={search_term_string}"},"query-input":{"@type":"PropertyValueSpecification","valueRequired":true,"valueName":"search_term_string"}}],"inLanguage":"gl-ES"},{"@type":"Organization","@id":"https:\/\/escuelagallegadebienestar.es\/gl\/#organization","name":"Escuela Gallega de Bienestar","url":"https:\/\/escuelagallegadebienestar.es\/gl\/","logo":{"@type":"ImageObject","inLanguage":"gl-ES","@id":"https:\/\/escuelagallegadebienestar.es\/gl\/#\/schema\/logo\/image\/","url":"https:\/\/escuelagallegadebienestar.es\/wp-content\/uploads\/2023\/06\/logo.jpg","contentUrl":"https:\/\/escuelagallegadebienestar.es\/wp-content\/uploads\/2023\/06\/logo.jpg","width":404,"height":66,"caption":"Escuela Gallega de Bienestar"},"image":{"@id":"https:\/\/escuelagallegadebienestar.es\/gl\/#\/schema\/logo\/image\/"}}]}},"_links":{"self":[{"href":"https:\/\/escuelagallegadebienestar.es\/gl\/wp-json\/wp\/v2\/pages\/876","targetHints":{"allow":["GET"]}}],"collection":[{"href":"https:\/\/escuelagallegadebienestar.es\/gl\/wp-json\/wp\/v2\/pages"}],"about":[{"href":"https:\/\/escuelagallegadebienestar.es\/gl\/wp-json\/wp\/v2\/types\/page"}],"author":[{"embeddable":true,"href":"https:\/\/escuelagallegadebienestar.es\/gl\/wp-json\/wp\/v2\/users\/1"}],"replies":[{"embeddable":true,"href":"https:\/\/escuelagallegadebienestar.es\/gl\/wp-json\/wp\/v2\/comments?post=876"}],"version-history":[{"count":0,"href":"https:\/\/escuelagallegadebienestar.es\/gl\/wp-json\/wp\/v2\/pages\/876\/revisions"}],"wp:attachment":[{"href":"https:\/\/escuelagallegadebienestar.es\/gl\/wp-json\/wp\/v2\/media?parent=876"}],"curies":[{"name":"wp","href":"https:\/\/api.w.org\/{rel}","templated":true}]}}