{"id":791,"date":"2023-08-08T13:23:06","date_gmt":"2023-08-08T11:23:06","guid":{"rendered":"https:\/\/escuelagallegadebienestar.es\/politica-de-cookies\/"},"modified":"2023-08-21T23:12:49","modified_gmt":"2023-08-21T21:12:49","slug":"politica-de-cookies","status":"publish","type":"page","link":"https:\/\/escuelagallegadebienestar.es\/gl\/politica-de-cookies\/","title":{"rendered":"Pol\u00edtica de cookies"},"content":{"rendered":"<h1>Pol\u00edtica de cookies<\/h1>\n<div class=\"cookie-policy-p\">\n<p>Esta Pol\u00edtica de Cookies explica que son as cookies e como as utilizamos, os tipos de cookies que utilizamos, isto \u00e9, a informaci\u00f3n que recopilamos utilizando cookies e como se utiliza esa informaci\u00f3n, e como xestionar a configuraci\u00f3n de cookies.<\/p>\n<p>As cookies son pequenos ficheiros de texto que se utilizan para almacenar pequenas pezas de informaci\u00f3n. Alm\u00e1canse no seu dispositivo cando o sitio web se carga no seu navegador. Estas cookies ax\u00fadannos a que o sitio web funcione correctamente, a que sexa m\u00e1is seguro, a proporcionar unha mellor experiencia ao usuario e a comprender c\u00f3mo funciona o sitio web, analizar qu\u00e9 funciona e en cales aspectos precisa melloras.<\/p>\n<\/div>\n<p>&nbsp;<\/p>\n<h5>\u00bfC\u00f3mo utilizamos as cookies?<\/h5>\n<div class=\"cookie-policy-p\">\n<p>Como a maior\u00eda dos servizos en li\u00f1a, o noso sitio web utiliza cookies propias e de terceiros para diversos fins. As cookies de orixe son na s\u00faa maior parte necesarias para que o sitio web funcione correctamente e non recollen ning\u00fan dato persoal identificable.<\/p>\n<p>As cookies de terceiros utilizadas no noso sitio web sirven principalmente para comprender como funciona o sitio web, como interact\u00faa con el, manter a seguridade dos nosos servizos, proporcionar anuncios que sexan relevantes para vostede e, en definitiva, ofrecerlle unha mellor experiencia de usuario e axudar a acelerar as s\u00faas futuras interacci\u00f3ns co noso sitio web.<\/p>\n<\/div>\n<p>&nbsp;<\/p>\n<h5>Tipo de cookies que usamos<\/h5>\n<div class=\"cky-audit-table-element\"><\/div>\n<h5><strong>Destinatarios de seus datos<\/strong><\/h5>\n<p>Se d\u00e1 o seu consentimento para a instalaci\u00f3n de cookies no mensaxe que aparece ao visitar a p\u00e1xina por primeira vez, os seus datos ser\u00e1n tratados por Google para mellorar o seu contido e ofrecelo de balde. Pode ver m\u00e1is detalles no seguinte enlace: <a href=\"https:\/\/policies.google.com\/technologies\/partner-sites\">https:\/\/policies.google.com\/technologies\/partner-sites<\/a><\/p>\n<h5 style=\"margin-bottom: 20px;\">Xestionar preferencias<\/h5>\n<p><a class=\"cky-banner-element\">Preferencias de cookies<\/a><\/p>\n<div>\n<p>Pode cambiar as s\u00faas preferencias de cookies en calquera momento facendo clic no bot\u00f3n anterior. Isto perm\u00edtiralle volver a visitar o banner de consentimento de cookies e cambiar as s\u00faas preferencias ou retirar o seu consentimento de inmediato.<\/p>\n<p>Ademais, os diferentes navegadores ofrecen distintos m\u00e9todos para bloquear e eliminar as cookies utilizadas polos sitios web. Pode cambiar a configuraci\u00f3n do seu navegador para bloquear ou eliminar as cookies. A continuaci\u00f3n, at\u00f3panse os enlaces aos documentos de apoio sobre como xestionar e eliminar as cookies dos principais navegadores web.<\/p>\n<p>Chrome: <a href=\"https:\/\/support.google.com\/accounts\/answer\/32050\" target=\"_blank\" rel=\"noopener noreferrer\">https:\/\/support.google.com\/accounts\/answer\/32050<\/a><\/p>\n<p>Safari: <a href=\"https:\/\/support.apple.com\/en-in\/guide\/safari\/sfri11471\/mac\" target=\"_blank\" rel=\"noopener noreferrer\">https:\/\/support.apple.com\/en-in\/guide\/safari\/sfri11471\/mac<\/a><\/p>\n<p>Firefox: <a href=\"https:\/\/support.mozilla.org\/en-US\/kb\/clear-cookies-and-site-data-firefox?redirectslug=delete-cookies-remove-info-websites-stored&amp;redirectlocale=en-US\" target=\"_blank\" rel=\"noopener noreferrer\">https:\/\/support.mozilla.org\/en-US\/kb\/clear-cookies-and-site-data-firefox?redirectslug=delete-cookies-remove-info-websites-stored&amp;redirectlocale=en-US<\/a><\/p>\n<p>Internet Explorer: <a href=\"https:\/\/support.microsoft.com\/en-us\/topic\/how-to-delete-cookie-files-in-internet-explorer-bca9446f-d873-78de-77ba-d42645fa52fc\" target=\"_blank\" rel=\"noopener noreferrer\">https:\/\/support.microsoft.com\/en-us\/topic\/how-to-delete-cookie-files-in-internet-explorer-bca9446f-d873-78de-77ba-d42645fa52fc<\/a><\/p>\n<p>Se emprega calquera outro navegador, consulte a documentaci\u00f3n oficial de seu navegador.<\/p>\n<\/div>\n","protected":false},"excerpt":{"rendered":"<p>Pol\u00edtica de cookies Esta Pol\u00edtica de Cookies explica que son as cookies e como as utilizamos, os tipos de cookies que utilizamos, isto \u00e9, a informaci\u00f3n que recopilamos utilizando cookies e como se utiliza esa informaci\u00f3n, e como xestionar a configuraci\u00f3n de cookies. As cookies son pequenos ficheiros de texto que se utilizan para almacenar&#8230;<\/p>\n","protected":false},"author":1,"featured_media":0,"parent":0,"menu_order":0,"comment_status":"closed","ping_status":"closed","template":"","meta":{"footnotes":""},"class_list":["post-791","page","type-page","status-publish","hentry"],"yoast_head":"<!-- This site is optimized with the Yoast SEO plugin v23.9 - https:\/\/yoast.com\/wordpress\/plugins\/seo\/ -->\n<title>Pol\u00edtica de cookies - Escuela Gallega de Bienestar<\/title>\n<meta name=\"robots\" content=\"index, follow, max-snippet:-1, max-image-preview:large, max-video-preview:-1\" \/>\n<link rel=\"canonical\" href=\"https:\/\/escuelagallegadebienestar.es\/gl\/politica-de-cookies\/\" \/>\n<meta property=\"og:locale\" content=\"gl_ES\" \/>\n<meta property=\"og:type\" content=\"article\" \/>\n<meta property=\"og:title\" content=\"Pol\u00edtica de cookies - Escuela Gallega de Bienestar\" \/>\n<meta property=\"og:description\" content=\"Pol\u00edtica de cookies Esta Pol\u00edtica de Cookies explica que son as cookies e como as utilizamos, os tipos de cookies que utilizamos, isto \u00e9, a informaci\u00f3n que recopilamos utilizando cookies e como se utiliza esa informaci\u00f3n, e como xestionar a configuraci\u00f3n de cookies. As cookies son pequenos ficheiros de texto que se utilizan para almacenar...\" \/>\n<meta property=\"og:url\" content=\"https:\/\/escuelagallegadebienestar.es\/gl\/politica-de-cookies\/\" \/>\n<meta property=\"og:site_name\" content=\"Escuela Gallega de Bienestar\" \/>\n<meta property=\"article:modified_time\" content=\"2023-08-21T21:12:49+00:00\" \/>\n<meta name=\"twitter:card\" content=\"summary_large_image\" \/>\n<meta name=\"twitter:label1\" content=\"Tempo de lectura\" \/>\n\t<meta name=\"twitter:data1\" content=\"2 minutos\" \/>\n<script type=\"application\/ld+json\" class=\"yoast-schema-graph\">{\"@context\":\"https:\/\/schema.org\",\"@graph\":[{\"@type\":\"WebPage\",\"@id\":\"https:\/\/escuelagallegadebienestar.es\/gl\/politica-de-cookies\/\",\"url\":\"https:\/\/escuelagallegadebienestar.es\/gl\/politica-de-cookies\/\",\"name\":\"Pol\u00edtica de cookies - Escuela Gallega de Bienestar\",\"isPartOf\":{\"@id\":\"https:\/\/escuelagallegadebienestar.es\/gl\/#website\"},\"datePublished\":\"2023-08-08T11:23:06+00:00\",\"dateModified\":\"2023-08-21T21:12:49+00:00\",\"breadcrumb\":{\"@id\":\"https:\/\/escuelagallegadebienestar.es\/gl\/politica-de-cookies\/#breadcrumb\"},\"inLanguage\":\"gl-ES\",\"potentialAction\":[{\"@type\":\"ReadAction\",\"target\":[\"https:\/\/escuelagallegadebienestar.es\/gl\/politica-de-cookies\/\"]}]},{\"@type\":\"BreadcrumbList\",\"@id\":\"https:\/\/escuelagallegadebienestar.es\/gl\/politica-de-cookies\/#breadcrumb\",\"itemListElement\":[{\"@type\":\"ListItem\",\"position\":1,\"name\":\"Portada\",\"item\":\"https:\/\/escuelagallegadebienestar.es\/gl\/inicio\/\"},{\"@type\":\"ListItem\",\"position\":2,\"name\":\"Pol\u00edtica de cookies\"}]},{\"@type\":\"WebSite\",\"@id\":\"https:\/\/escuelagallegadebienestar.es\/gl\/#website\",\"url\":\"https:\/\/escuelagallegadebienestar.es\/gl\/\",\"name\":\"Escuela Gallega de Bienestar\",\"description\":\"Formaci\u00f3n para mellorar a calidade de vida e o benestar das persoas\",\"publisher\":{\"@id\":\"https:\/\/escuelagallegadebienestar.es\/gl\/#organization\"},\"potentialAction\":[{\"@type\":\"SearchAction\",\"target\":{\"@type\":\"EntryPoint\",\"urlTemplate\":\"https:\/\/escuelagallegadebienestar.es\/gl\/?s={search_term_string}\"},\"query-input\":{\"@type\":\"PropertyValueSpecification\",\"valueRequired\":true,\"valueName\":\"search_term_string\"}}],\"inLanguage\":\"gl-ES\"},{\"@type\":\"Organization\",\"@id\":\"https:\/\/escuelagallegadebienestar.es\/gl\/#organization\",\"name\":\"Escuela Gallega de Bienestar\",\"url\":\"https:\/\/escuelagallegadebienestar.es\/gl\/\",\"logo\":{\"@type\":\"ImageObject\",\"inLanguage\":\"gl-ES\",\"@id\":\"https:\/\/escuelagallegadebienestar.es\/gl\/#\/schema\/logo\/image\/\",\"url\":\"https:\/\/escuelagallegadebienestar.es\/wp-content\/uploads\/2023\/06\/logo.jpg\",\"contentUrl\":\"https:\/\/escuelagallegadebienestar.es\/wp-content\/uploads\/2023\/06\/logo.jpg\",\"width\":404,\"height\":66,\"caption\":\"Escuela Gallega de Bienestar\"},\"image\":{\"@id\":\"https:\/\/escuelagallegadebienestar.es\/gl\/#\/schema\/logo\/image\/\"}}]}<\/script>\n<!-- \/ Yoast SEO plugin. -->","yoast_head_json":{"title":"Pol\u00edtica de cookies - Escuela Gallega de Bienestar","robots":{"index":"index","follow":"follow","max-snippet":"max-snippet:-1","max-image-preview":"max-image-preview:large","max-video-preview":"max-video-preview:-1"},"canonical":"https:\/\/escuelagallegadebienestar.es\/gl\/politica-de-cookies\/","og_locale":"gl_ES","og_type":"article","og_title":"Pol\u00edtica de cookies - Escuela Gallega de Bienestar","og_description":"Pol\u00edtica de cookies Esta Pol\u00edtica de Cookies explica que son as cookies e como as utilizamos, os tipos de cookies que utilizamos, isto \u00e9, a informaci\u00f3n que recopilamos utilizando cookies e como se utiliza esa informaci\u00f3n, e como xestionar a configuraci\u00f3n de cookies. As cookies son pequenos ficheiros de texto que se utilizan para almacenar...","og_url":"https:\/\/escuelagallegadebienestar.es\/gl\/politica-de-cookies\/","og_site_name":"Escuela Gallega de Bienestar","article_modified_time":"2023-08-21T21:12:49+00:00","twitter_card":"summary_large_image","twitter_misc":{"Tempo de lectura":"2 minutos"},"schema":{"@context":"https:\/\/schema.org","@graph":[{"@type":"WebPage","@id":"https:\/\/escuelagallegadebienestar.es\/gl\/politica-de-cookies\/","url":"https:\/\/escuelagallegadebienestar.es\/gl\/politica-de-cookies\/","name":"Pol\u00edtica de cookies - Escuela Gallega de Bienestar","isPartOf":{"@id":"https:\/\/escuelagallegadebienestar.es\/gl\/#website"},"datePublished":"2023-08-08T11:23:06+00:00","dateModified":"2023-08-21T21:12:49+00:00","breadcrumb":{"@id":"https:\/\/escuelagallegadebienestar.es\/gl\/politica-de-cookies\/#breadcrumb"},"inLanguage":"gl-ES","potentialAction":[{"@type":"ReadAction","target":["https:\/\/escuelagallegadebienestar.es\/gl\/politica-de-cookies\/"]}]},{"@type":"BreadcrumbList","@id":"https:\/\/escuelagallegadebienestar.es\/gl\/politica-de-cookies\/#breadcrumb","itemListElement":[{"@type":"ListItem","position":1,"name":"Portada","item":"https:\/\/escuelagallegadebienestar.es\/gl\/inicio\/"},{"@type":"ListItem","position":2,"name":"Pol\u00edtica de cookies"}]},{"@type":"WebSite","@id":"https:\/\/escuelagallegadebienestar.es\/gl\/#website","url":"https:\/\/escuelagallegadebienestar.es\/gl\/","name":"Escuela Gallega de Bienestar","description":"Formaci\u00f3n para mellorar a calidade de vida e o benestar das persoas","publisher":{"@id":"https:\/\/escuelagallegadebienestar.es\/gl\/#organization"},"potentialAction":[{"@type":"SearchAction","target":{"@type":"EntryPoint","urlTemplate":"https:\/\/escuelagallegadebienestar.es\/gl\/?s={search_term_string}"},"query-input":{"@type":"PropertyValueSpecification","valueRequired":true,"valueName":"search_term_string"}}],"inLanguage":"gl-ES"},{"@type":"Organization","@id":"https:\/\/escuelagallegadebienestar.es\/gl\/#organization","name":"Escuela Gallega de Bienestar","url":"https:\/\/escuelagallegadebienestar.es\/gl\/","logo":{"@type":"ImageObject","inLanguage":"gl-ES","@id":"https:\/\/escuelagallegadebienestar.es\/gl\/#\/schema\/logo\/image\/","url":"https:\/\/escuelagallegadebienestar.es\/wp-content\/uploads\/2023\/06\/logo.jpg","contentUrl":"https:\/\/escuelagallegadebienestar.es\/wp-content\/uploads\/2023\/06\/logo.jpg","width":404,"height":66,"caption":"Escuela Gallega de Bienestar"},"image":{"@id":"https:\/\/escuelagallegadebienestar.es\/gl\/#\/schema\/logo\/image\/"}}]}},"_links":{"self":[{"href":"https:\/\/escuelagallegadebienestar.es\/gl\/wp-json\/wp\/v2\/pages\/791","targetHints":{"allow":["GET"]}}],"collection":[{"href":"https:\/\/escuelagallegadebienestar.es\/gl\/wp-json\/wp\/v2\/pages"}],"about":[{"href":"https:\/\/escuelagallegadebienestar.es\/gl\/wp-json\/wp\/v2\/types\/page"}],"author":[{"embeddable":true,"href":"https:\/\/escuelagallegadebienestar.es\/gl\/wp-json\/wp\/v2\/users\/1"}],"replies":[{"embeddable":true,"href":"https:\/\/escuelagallegadebienestar.es\/gl\/wp-json\/wp\/v2\/comments?post=791"}],"version-history":[{"count":1,"href":"https:\/\/escuelagallegadebienestar.es\/gl\/wp-json\/wp\/v2\/pages\/791\/revisions"}],"predecessor-version":[{"id":792,"href":"https:\/\/escuelagallegadebienestar.es\/gl\/wp-json\/wp\/v2\/pages\/791\/revisions\/792"}],"wp:attachment":[{"href":"https:\/\/escuelagallegadebienestar.es\/gl\/wp-json\/wp\/v2\/media?parent=791"}],"curies":[{"name":"wp","href":"https:\/\/api.w.org\/{rel}","templated":true}]}}