{"id":772,"date":"2023-07-22T18:16:50","date_gmt":"2023-07-22T16:16:50","guid":{"rendered":"https:\/\/escuelagallegadebienestar.es\/blog\/"},"modified":"2023-08-25T06:58:20","modified_gmt":"2023-08-25T04:58:20","slug":"blog","status":"publish","type":"page","link":"https:\/\/escuelagallegadebienestar.es\/gl\/blog\/","title":{"rendered":"Blog"},"content":{"rendered":"<section class=\"l-section wpb_row us_custom_7b16b104 height_auto full_height valign_center width_full with_img\"><div class=\"l-section-img\" role=\"img\" data-img-width=\"1920\" data-img-height=\"390\" style=\"background-image: url(https:\/\/escuelagallegadebienestar.es\/wp-content\/uploads\/2023\/08\/caminando-blog.jpg);background-repeat: no-repeat;\"><\/div><div class=\"l-section-overlay\" style=\"background:rgba(0,32,86,0.65)\"><\/div><div class=\"l-section-h i-cf\"><div class=\"g-cols vc_row via_grid cols_1 laptops-cols_inherit tablets-cols_inherit mobiles-cols_1 valign_top type_default stacking_default\"><div class=\"wpb_column vc_column_container us_custom_492179a4\"><div class=\"vc_column-inner\"><div class=\"w-separator size_small\"><\/div><nav class=\"g-breadcrumbs us_custom_8b3d6790 has_text_color separator_icon align_center hide_current\" itemscope itemtype=\"http:\/\/schema.org\/BreadcrumbList\"><div class=\"g-breadcrumbs-item\" itemscope itemprop=\"itemListElement\" itemtype=\"http:\/\/schema.org\/ListItem\"><a itemprop=\"item\" href=\"https:\/\/escuelagallegadebienestar.es\/gl\/\"><span itemprop=\"name\">Inicio<\/span><\/a><meta itemprop=\"position\" content=\"1\"\/><\/div><div class=\"g-breadcrumbs-separator\"><i class=\"far fa-angle-right\"><\/i><\/div><div class=\"g-breadcrumbs-item\">P\u00e1xinas<\/div><\/nav><h1 class=\"w-text us_custom_08898346 has_text_color\"><span class=\"w-text-h\"><span class=\"w-text-value\">Blog<\/span><\/span><\/h1><div class=\"w-separator size_small\"><\/div><\/div><\/div><\/div><\/div><\/section><section class=\"l-section wpb_row height_medium\"><div class=\"l-section-h i-cf\"><div class=\"g-cols vc_row via_grid cols_1 laptops-cols_inherit tablets-cols_inherit mobiles-cols_1 valign_top type_default stacking_default\"><div class=\"wpb_column vc_column_container\"><div class=\"vc_column-inner\"><div class=\"w-grid type_grid layout_270 cols_3 pagination_infinite\" id=\"us_grid_1\" style=\"--gap:1.5rem;\" data-filterable=\"true\"><style>@media (max-width:1024px){#us_grid_1 .w-grid-item{width:50%}}@media (max-width:600px){#us_grid_1 .w-grid-list{margin:0}#us_grid_1 .w-grid-item{width:100%;padding:0;margin-bottom:var(--gap,0px)}}.layout_270 .w-grid-item-h{}.layout_270 .usg_post_image_1{margin-bottom:1rem!important;border-radius:10px!important}.layout_270 .usg_post_title_1{font-size:1.4rem!important;font-weight:700!important;margin-bottom:0.5rem!important}.layout_270 .usg_hwrapper_1{color:var(--color-content-faded)!important;font-size:0.9rem!important}.layout_270 .usg_post_content_1{max-width:600px!important;margin-top:0.5rem!important}.layout_270 .usg_post_date_1{color:#0a0a0a!important}<\/style><div class=\"w-grid-list\">\t<article class=\"w-grid-item size_1x1 post-1999 post type-post status-publish format-standard has-post-thumbnail hentry category-blog-gl\" data-id=\"1999\">\r\n\t\t<div class=\"w-grid-item-h\">\r\n\t\t\t\t\t\t<div class=\"w-post-elm post_image usg_post_image_1 stretched\"><a href=\"https:\/\/escuelagallegadebienestar.es\/gl\/blog\/coneces-os-riscos-ocultos-nos-alimentos\/\" aria-label=\"\u00bfCo\u00f1eces os riscos ocultos nos alimentos?\"><img loading=\"lazy\" decoding=\"async\" width=\"1024\" height=\"724\" src=\"https:\/\/escuelagallegadebienestar.es\/wp-content\/uploads\/2024\/11\/Alimentos-ninos-1024x724.jpg\" class=\"attachment-large size-large wp-post-image\" alt=\"\" srcset=\"https:\/\/escuelagallegadebienestar.es\/wp-content\/uploads\/2024\/11\/Alimentos-ninos-1024x724.jpg 1024w, https:\/\/escuelagallegadebienestar.es\/wp-content\/uploads\/2024\/11\/Alimentos-ninos-300x212.jpg 300w, https:\/\/escuelagallegadebienestar.es\/wp-content\/uploads\/2024\/11\/Alimentos-ninos-600x424.jpg 600w, https:\/\/escuelagallegadebienestar.es\/wp-content\/uploads\/2024\/11\/Alimentos-ninos.jpg 2000w\" sizes=\"auto, (max-width: 1024px) 100vw, 1024px\" \/><\/a><\/div><h2 class=\"w-post-elm post_title usg_post_title_1 entry-title color_link_inherit\"><a href=\"https:\/\/escuelagallegadebienestar.es\/gl\/blog\/coneces-os-riscos-ocultos-nos-alimentos\/\">\u00bfCo\u00f1eces os riscos ocultos nos alimentos?<\/a><\/h2><div class=\"w-hwrapper usg_hwrapper_1 has_text_color align_none valign_top wrap\"><time class=\"w-post-elm post_date usg_post_date_1 has_text_color entry-date published\" datetime=\"2024-11-26T19:45:07+01:00\">26 de Novembro de 2024<\/time><\/div><div class=\"w-post-elm post_content usg_post_content_1\">O impacto dos alimentos na nosa sa\u00fade e c\u00f3mo comer mellor A alimentaci\u00f3n \u00e9 un dos pilares fundamentais da sa\u00fade. Mais, non todo o que consumimos, ainda que pareza seguro&hellip;<\/div><a class=\"w-btn us-btn-style_1 usg_btn_1\" href=\"https:\/\/escuelagallegadebienestar.es\/gl\/blog\/coneces-os-riscos-ocultos-nos-alimentos\/\"><span class=\"w-btn-label\">Ver m\u00e1s<\/span><\/a>\t\t<\/div>\r\n\t\t\t<\/article>\r\n\t<article class=\"w-grid-item size_1x1 post-1441 post type-post status-publish format-standard has-post-thumbnail hentry category-blog-gl\" data-id=\"1441\">\r\n\t\t<div class=\"w-grid-item-h\">\r\n\t\t\t\t\t\t<div class=\"w-post-elm post_image usg_post_image_1 stretched\"><a href=\"https:\/\/escuelagallegadebienestar.es\/gl\/blog\/o-sentido-das-nosas-emocions\/\" aria-label=\"O sentido das nosas emoci\u00f3ns\"><img loading=\"lazy\" decoding=\"async\" width=\"1024\" height=\"724\" src=\"https:\/\/escuelagallegadebienestar.es\/wp-content\/uploads\/2024\/05\/Emociones-ninos-1024x724.jpeg\" class=\"attachment-large size-large wp-post-image\" alt=\"Emociones\" srcset=\"https:\/\/escuelagallegadebienestar.es\/wp-content\/uploads\/2024\/05\/Emociones-ninos-1024x724.jpeg 1024w, https:\/\/escuelagallegadebienestar.es\/wp-content\/uploads\/2024\/05\/Emociones-ninos-600x424.jpeg 600w, https:\/\/escuelagallegadebienestar.es\/wp-content\/uploads\/2024\/05\/Emociones-ninos-300x212.jpeg 300w, https:\/\/escuelagallegadebienestar.es\/wp-content\/uploads\/2024\/05\/Emociones-ninos.jpeg 1200w\" sizes=\"auto, (max-width: 1024px) 100vw, 1024px\" \/><\/a><\/div><h2 class=\"w-post-elm post_title usg_post_title_1 entry-title color_link_inherit\"><a href=\"https:\/\/escuelagallegadebienestar.es\/gl\/blog\/o-sentido-das-nosas-emocions\/\">O sentido das nosas emoci\u00f3ns<\/a><\/h2><div class=\"w-hwrapper usg_hwrapper_1 has_text_color align_none valign_top wrap\"><time class=\"w-post-elm post_date usg_post_date_1 has_text_color entry-date published\" datetime=\"2024-05-28T12:56:30+02:00\">28 de Maio de 2024<\/time><\/div><div class=\"w-post-elm post_content usg_post_content_1\">\u00bfQu\u00e9 son as emoci\u00f3ns? Para n\u00f3s, os humanos, as emoci\u00f3ns son unha linguaxe herdada dos nosos ancestros mam\u00edferos. A linguaxe do corpo que, \u00e1 s\u00faa vez, nos axuda a comprendernos&hellip;<\/div><a class=\"w-btn us-btn-style_1 usg_btn_1\" href=\"https:\/\/escuelagallegadebienestar.es\/gl\/blog\/o-sentido-das-nosas-emocions\/\"><span class=\"w-btn-label\">Ver m\u00e1s<\/span><\/a>\t\t<\/div>\r\n\t\t\t<\/article>\r\n\t<article class=\"w-grid-item size_1x1 post-1167 post type-post status-publish format-standard has-post-thumbnail hentry category-axenda category-blog-gl\" data-id=\"1167\">\r\n\t\t<div class=\"w-grid-item-h\">\r\n\t\t\t\t\t\t<div class=\"w-post-elm post_image usg_post_image_1 stretched\"><a href=\"https:\/\/escuelagallegadebienestar.es\/gl\/blog\/participamos-en-biocultura-a-coruna\/\" aria-label=\"Participamos en Biocultura A Coru\u00f1a\"><img loading=\"lazy\" decoding=\"async\" width=\"969\" height=\"360\" src=\"https:\/\/escuelagallegadebienestar.es\/wp-content\/uploads\/2024\/02\/cartel-biocultura-2024.jpg\" class=\"attachment-large size-large wp-post-image\" alt=\"biocultura 2024\" srcset=\"https:\/\/escuelagallegadebienestar.es\/wp-content\/uploads\/2024\/02\/cartel-biocultura-2024.jpg 969w, https:\/\/escuelagallegadebienestar.es\/wp-content\/uploads\/2024\/02\/cartel-biocultura-2024-600x223.jpg 600w, https:\/\/escuelagallegadebienestar.es\/wp-content\/uploads\/2024\/02\/cartel-biocultura-2024-300x111.jpg 300w\" sizes=\"auto, (max-width: 969px) 100vw, 969px\" \/><\/a><\/div><h2 class=\"w-post-elm post_title usg_post_title_1 entry-title color_link_inherit\"><a href=\"https:\/\/escuelagallegadebienestar.es\/gl\/blog\/participamos-en-biocultura-a-coruna\/\">Participamos en Biocultura A Coru\u00f1a<\/a><\/h2><div class=\"w-hwrapper usg_hwrapper_1 has_text_color align_none valign_top wrap\"><time class=\"w-post-elm post_date usg_post_date_1 has_text_color entry-date published\" datetime=\"2024-02-19T12:47:59+01:00\">19 de Febreiro de 2024<\/time><\/div><div class=\"w-post-elm post_content usg_post_content_1\">V\u00c9MONOS EN BIOCULTURA A CORU\u00d1A, DO 1 AO 3 DE MARZO 2024 \u00bfCo\u00f1eces Biocultura? Biocultura \u00e9 a feira de produtos ecol\u00f3xicos e consumo responsable, de referencia internacional, reco\u00f1ecida como unha&hellip;<\/div><a class=\"w-btn us-btn-style_1 usg_btn_1\" href=\"https:\/\/escuelagallegadebienestar.es\/gl\/blog\/participamos-en-biocultura-a-coruna\/\"><span class=\"w-btn-label\">Ver m\u00e1s<\/span><\/a>\t\t<\/div>\r\n\t\t\t<\/article>\r\n\t<article class=\"w-grid-item size_1x1 post-856 post type-post status-publish format-standard has-post-thumbnail hentry category-blog-gl\" data-id=\"856\">\r\n\t\t<div class=\"w-grid-item-h\">\r\n\t\t\t\t\t\t<div class=\"w-post-elm post_image usg_post_image_1 stretched\"><a href=\"https:\/\/escuelagallegadebienestar.es\/gl\/blog\/o-estres-os-seus-sintomas-causas-consecuencias-e-recursos-que-resolven\/\" aria-label=\"O estr\u00e9s, os seus s\u00edntomas, causas, consecuencias e recursos que resolven\"><img loading=\"lazy\" decoding=\"async\" width=\"800\" height=\"566\" src=\"https:\/\/escuelagallegadebienestar.es\/wp-content\/uploads\/2023\/08\/estres-sintomas-causas-y-consecuencias-3.jpeg\" class=\"attachment-large size-large wp-post-image\" alt=\"\" srcset=\"https:\/\/escuelagallegadebienestar.es\/wp-content\/uploads\/2023\/08\/estres-sintomas-causas-y-consecuencias-3.jpeg 800w, https:\/\/escuelagallegadebienestar.es\/wp-content\/uploads\/2023\/08\/estres-sintomas-causas-y-consecuencias-3-600x425.jpeg 600w, https:\/\/escuelagallegadebienestar.es\/wp-content\/uploads\/2023\/08\/estres-sintomas-causas-y-consecuencias-3-300x212.jpeg 300w\" sizes=\"auto, (max-width: 800px) 100vw, 800px\" \/><\/a><\/div><h2 class=\"w-post-elm post_title usg_post_title_1 entry-title color_link_inherit\"><a href=\"https:\/\/escuelagallegadebienestar.es\/gl\/blog\/o-estres-os-seus-sintomas-causas-consecuencias-e-recursos-que-resolven\/\">O estr\u00e9s, os seus s\u00edntomas, causas, consecuencias e recursos que resolven<\/a><\/h2><div class=\"w-hwrapper usg_hwrapper_1 has_text_color align_none valign_top wrap\"><time class=\"w-post-elm post_date usg_post_date_1 has_text_color entry-date published\" datetime=\"2023-08-08T10:48:16+02:00\">8 de Agosto de 2023<\/time><\/div><div class=\"w-post-elm post_content usg_post_content_1\">Durante os \u00faltimos anos, estamos a ser testemu\u00f1as dun aumento significativo nos niveis de estr\u00e9s, tanto a nivel mundial como no \u00e1mbito nacional, mesmo rexional. Segundo o \u00faltimo estudo CinfaSalud&hellip;<\/div><a class=\"w-btn us-btn-style_1 usg_btn_1\" href=\"https:\/\/escuelagallegadebienestar.es\/gl\/blog\/o-estres-os-seus-sintomas-causas-consecuencias-e-recursos-que-resolven\/\"><span class=\"w-btn-label\">Ver m\u00e1s<\/span><\/a>\t\t<\/div>\r\n\t\t\t<\/article>\r\n\t<article class=\"w-grid-item size_1x1 post-858 post type-post status-publish format-standard has-post-thumbnail hentry category-blog-gl\" data-id=\"858\">\r\n\t\t<div class=\"w-grid-item-h\">\r\n\t\t\t\t\t\t<div class=\"w-post-elm post_image usg_post_image_1 stretched\"><a href=\"https:\/\/escuelagallegadebienestar.es\/gl\/blog\/comprender-a-nosa-bioloxia-para-trascender-as-nosas-emocions\/\" aria-label=\"Comprender a nosa biolox\u00eda para trascender as nosas emoci\u00f3ns.\"><img loading=\"lazy\" decoding=\"async\" width=\"800\" height=\"566\" src=\"https:\/\/escuelagallegadebienestar.es\/wp-content\/uploads\/2023\/08\/conexion-mente-cuerpo-4-1.jpeg\" class=\"attachment-large size-large wp-post-image\" alt=\"\" srcset=\"https:\/\/escuelagallegadebienestar.es\/wp-content\/uploads\/2023\/08\/conexion-mente-cuerpo-4-1.jpeg 800w, https:\/\/escuelagallegadebienestar.es\/wp-content\/uploads\/2023\/08\/conexion-mente-cuerpo-4-1-600x425.jpeg 600w, https:\/\/escuelagallegadebienestar.es\/wp-content\/uploads\/2023\/08\/conexion-mente-cuerpo-4-1-300x212.jpeg 300w\" sizes=\"auto, (max-width: 800px) 100vw, 800px\" \/><\/a><\/div><h2 class=\"w-post-elm post_title usg_post_title_1 entry-title color_link_inherit\"><a href=\"https:\/\/escuelagallegadebienestar.es\/gl\/blog\/comprender-a-nosa-bioloxia-para-trascender-as-nosas-emocions\/\">Comprender a nosa biolox\u00eda para trascender as nosas emoci\u00f3ns.<\/a><\/h2><div class=\"w-hwrapper usg_hwrapper_1 has_text_color align_none valign_top wrap\"><time class=\"w-post-elm post_date usg_post_date_1 has_text_color entry-date published\" datetime=\"2023-08-08T10:40:02+02:00\">8 de Agosto de 2023<\/time><\/div><div class=\"w-post-elm post_content usg_post_content_1\">Comprensi\u00f3n mente, corpo, cerebro Cando comprendemos a nosa biolox\u00eda, como funciona o noso corpo e a nosa mente, resulta m\u00e1is doado trascender os nosos estados mentais e emocionais. Para iso,&hellip;<\/div><a class=\"w-btn us-btn-style_1 usg_btn_1\" href=\"https:\/\/escuelagallegadebienestar.es\/gl\/blog\/comprender-a-nosa-bioloxia-para-trascender-as-nosas-emocions\/\"><span class=\"w-btn-label\">Ver m\u00e1s<\/span><\/a>\t\t<\/div>\r\n\t\t\t<\/article>\r\n\t<article class=\"w-grid-item size_1x1 post-860 post type-post status-publish format-standard has-post-thumbnail hentry category-blog-gl\" data-id=\"860\">\r\n\t\t<div class=\"w-grid-item-h\">\r\n\t\t\t\t\t\t<div class=\"w-post-elm post_image usg_post_image_1 stretched\"><a href=\"https:\/\/escuelagallegadebienestar.es\/gl\/blog\/que-e-o-mindfulness\/\" aria-label=\"\u00bfQu\u00e9 \u00e9 o Mindfulness?\"><img loading=\"lazy\" decoding=\"async\" width=\"800\" height=\"566\" src=\"https:\/\/escuelagallegadebienestar.es\/wp-content\/uploads\/2023\/08\/que-es-mindfulness-esgabi-1.jpeg\" class=\"attachment-large size-large wp-post-image\" alt=\"\" srcset=\"https:\/\/escuelagallegadebienestar.es\/wp-content\/uploads\/2023\/08\/que-es-mindfulness-esgabi-1.jpeg 800w, https:\/\/escuelagallegadebienestar.es\/wp-content\/uploads\/2023\/08\/que-es-mindfulness-esgabi-1-600x425.jpeg 600w, https:\/\/escuelagallegadebienestar.es\/wp-content\/uploads\/2023\/08\/que-es-mindfulness-esgabi-1-300x212.jpeg 300w\" sizes=\"auto, (max-width: 800px) 100vw, 800px\" \/><\/a><\/div><h2 class=\"w-post-elm post_title usg_post_title_1 entry-title color_link_inherit\"><a href=\"https:\/\/escuelagallegadebienestar.es\/gl\/blog\/que-e-o-mindfulness\/\">\u00bfQu\u00e9 \u00e9 o Mindfulness?<\/a><\/h2><div class=\"w-hwrapper usg_hwrapper_1 has_text_color align_none valign_top wrap\"><time class=\"w-post-elm post_date usg_post_date_1 has_text_color entry-date published\" datetime=\"2023-08-08T10:32:49+02:00\">8 de Agosto de 2023<\/time><\/div><div class=\"w-post-elm post_content usg_post_content_1\">O mindfulness \u00e9 un estado mental de atenci\u00f3n plena, a trav\u00e9s do cal tomamos conciencia da nosa experiencia interna: os nosos pensamentos, emoci\u00f3ns, sentimentos e sensaci\u00f3ns, identific\u00e1ndoos como o que&hellip;<\/div><a class=\"w-btn us-btn-style_1 usg_btn_1\" href=\"https:\/\/escuelagallegadebienestar.es\/gl\/blog\/que-e-o-mindfulness\/\"><span class=\"w-btn-label\">Ver m\u00e1s<\/span><\/a>\t\t<\/div>\r\n\t\t\t<\/article>\r\n<\/div><div class=\"w-grid-preloader\">\t<div class=\"g-preloader type_1\">\r\n\t\t<div><\/div>\r\n\t<\/div>\r\n\t<\/div>\t<div class=\"w-grid-json hidden\" onclick='return {&quot;action&quot;:&quot;us_ajax_grid&quot;,&quot;infinite_scroll&quot;:0,&quot;max_num_pages&quot;:1,&quot;pagination&quot;:&quot;infinite&quot;,&quot;template_vars&quot;:{&quot;columns&quot;:&quot;3&quot;,&quot;exclude_items&quot;:&quot;none&quot;,&quot;img_size&quot;:&quot;default&quot;,&quot;ignore_items_size&quot;:0,&quot;items_layout&quot;:&quot;270&quot;,&quot;items_offset&quot;:&quot;1&quot;,&quot;load_animation&quot;:&quot;none&quot;,&quot;overriding_link&quot;:&quot;{\\&quot;url\\&quot;:\\&quot;\\&quot;}&quot;,&quot;post_id&quot;:0,&quot;query_args&quot;:{&quot;post_type&quot;:[&quot;post&quot;],&quot;tax_query&quot;:[{&quot;taxonomy&quot;:&quot;category&quot;,&quot;field&quot;:&quot;slug&quot;,&quot;terms&quot;:[&quot;blog&quot;]}],&quot;post_status&quot;:[&quot;publish&quot;],&quot;posts_per_page&quot;:&quot;9&quot;},&quot;orderby_query_args&quot;:{&quot;orderby&quot;:{&quot;date&quot;:&quot;DESC&quot;}},&quot;type&quot;:&quot;grid&quot;,&quot;us_grid_post_type&quot;:&quot;post&quot;,&quot;us_grid_ajax_index&quot;:1,&quot;us_grid_filter_query_string&quot;:null,&quot;us_grid_index&quot;:1,&quot;page_args&quot;:[],&quot;lang&quot;:&quot;gl&quot;}}'><\/div>\r\n\t<\/div><\/div><\/div><\/div><\/div><\/section>\n","protected":false},"excerpt":{"rendered":"O mindfulness \u00e9 un estado mental de atenci\u00f3n plena, a trav\u00e9s do cal tomamos conciencia da nosa experiencia interna: os nosos pensamentos, emoci\u00f3ns, sentimentos e sensaci\u00f3ns, identific\u00e1ndoos como o que son, fen\u00f3menos cognitivos de natureza cambiante, non permanentes, cuxo inicio de actividade est\u00e1 f\u00f3ra do noso control. Ao mesmo tempo, somos conscientes do entorno que...","protected":false},"author":1,"featured_media":0,"parent":0,"menu_order":0,"comment_status":"closed","ping_status":"closed","template":"","meta":{"footnotes":""},"class_list":["post-772","page","type-page","status-publish","hentry"],"yoast_head":"<!-- This site is optimized with the Yoast SEO plugin v23.9 - https:\/\/yoast.com\/wordpress\/plugins\/seo\/ -->\n<title>Blog - Escuela Gallega de Bienestar<\/title>\n<meta name=\"robots\" content=\"index, follow, max-snippet:-1, max-image-preview:large, max-video-preview:-1\" \/>\n<link rel=\"canonical\" href=\"https:\/\/escuelagallegadebienestar.es\/gl\/blog\/\" \/>\n<meta property=\"og:locale\" content=\"gl_ES\" \/>\n<meta property=\"og:type\" content=\"article\" \/>\n<meta property=\"og:title\" content=\"Blog - Escuela Gallega de Bienestar\" \/>\n<meta property=\"og:url\" content=\"https:\/\/escuelagallegadebienestar.es\/gl\/blog\/\" \/>\n<meta property=\"og:site_name\" content=\"Escuela Gallega de Bienestar\" \/>\n<meta property=\"article:modified_time\" content=\"2023-08-25T04:58:20+00:00\" \/>\n<meta name=\"twitter:card\" content=\"summary_large_image\" \/>\n<meta name=\"twitter:label1\" content=\"Tempo de lectura\" \/>\n\t<meta name=\"twitter:data1\" content=\"1 minuto\" \/>\n<script type=\"application\/ld+json\" class=\"yoast-schema-graph\">{\"@context\":\"https:\/\/schema.org\",\"@graph\":[{\"@type\":\"WebPage\",\"@id\":\"https:\/\/escuelagallegadebienestar.es\/gl\/blog\/\",\"url\":\"https:\/\/escuelagallegadebienestar.es\/gl\/blog\/\",\"name\":\"Blog - Escuela Gallega de Bienestar\",\"isPartOf\":{\"@id\":\"https:\/\/escuelagallegadebienestar.es\/gl\/#website\"},\"datePublished\":\"2023-07-22T16:16:50+00:00\",\"dateModified\":\"2023-08-25T04:58:20+00:00\",\"breadcrumb\":{\"@id\":\"https:\/\/escuelagallegadebienestar.es\/gl\/blog\/#breadcrumb\"},\"inLanguage\":\"gl-ES\",\"potentialAction\":[{\"@type\":\"ReadAction\",\"target\":[\"https:\/\/escuelagallegadebienestar.es\/gl\/blog\/\"]}]},{\"@type\":\"BreadcrumbList\",\"@id\":\"https:\/\/escuelagallegadebienestar.es\/gl\/blog\/#breadcrumb\",\"itemListElement\":[{\"@type\":\"ListItem\",\"position\":1,\"name\":\"Portada\",\"item\":\"https:\/\/escuelagallegadebienestar.es\/gl\/inicio\/\"},{\"@type\":\"ListItem\",\"position\":2,\"name\":\"Blog\"}]},{\"@type\":\"WebSite\",\"@id\":\"https:\/\/escuelagallegadebienestar.es\/gl\/#website\",\"url\":\"https:\/\/escuelagallegadebienestar.es\/gl\/\",\"name\":\"Escuela Gallega de Bienestar\",\"description\":\"Formaci\u00f3n para mellorar a calidade de vida e o benestar das persoas\",\"publisher\":{\"@id\":\"https:\/\/escuelagallegadebienestar.es\/gl\/#organization\"},\"potentialAction\":[{\"@type\":\"SearchAction\",\"target\":{\"@type\":\"EntryPoint\",\"urlTemplate\":\"https:\/\/escuelagallegadebienestar.es\/gl\/?s={search_term_string}\"},\"query-input\":{\"@type\":\"PropertyValueSpecification\",\"valueRequired\":true,\"valueName\":\"search_term_string\"}}],\"inLanguage\":\"gl-ES\"},{\"@type\":\"Organization\",\"@id\":\"https:\/\/escuelagallegadebienestar.es\/gl\/#organization\",\"name\":\"Escuela Gallega de Bienestar\",\"url\":\"https:\/\/escuelagallegadebienestar.es\/gl\/\",\"logo\":{\"@type\":\"ImageObject\",\"inLanguage\":\"gl-ES\",\"@id\":\"https:\/\/escuelagallegadebienestar.es\/gl\/#\/schema\/logo\/image\/\",\"url\":\"https:\/\/escuelagallegadebienestar.es\/wp-content\/uploads\/2023\/06\/logo.jpg\",\"contentUrl\":\"https:\/\/escuelagallegadebienestar.es\/wp-content\/uploads\/2023\/06\/logo.jpg\",\"width\":404,\"height\":66,\"caption\":\"Escuela Gallega de Bienestar\"},\"image\":{\"@id\":\"https:\/\/escuelagallegadebienestar.es\/gl\/#\/schema\/logo\/image\/\"}}]}<\/script>\n<!-- \/ Yoast SEO plugin. -->","yoast_head_json":{"title":"Blog - Escuela Gallega de Bienestar","robots":{"index":"index","follow":"follow","max-snippet":"max-snippet:-1","max-image-preview":"max-image-preview:large","max-video-preview":"max-video-preview:-1"},"canonical":"https:\/\/escuelagallegadebienestar.es\/gl\/blog\/","og_locale":"gl_ES","og_type":"article","og_title":"Blog - Escuela Gallega de Bienestar","og_url":"https:\/\/escuelagallegadebienestar.es\/gl\/blog\/","og_site_name":"Escuela Gallega de Bienestar","article_modified_time":"2023-08-25T04:58:20+00:00","twitter_card":"summary_large_image","twitter_misc":{"Tempo de lectura":"1 minuto"},"schema":{"@context":"https:\/\/schema.org","@graph":[{"@type":"WebPage","@id":"https:\/\/escuelagallegadebienestar.es\/gl\/blog\/","url":"https:\/\/escuelagallegadebienestar.es\/gl\/blog\/","name":"Blog - Escuela Gallega de Bienestar","isPartOf":{"@id":"https:\/\/escuelagallegadebienestar.es\/gl\/#website"},"datePublished":"2023-07-22T16:16:50+00:00","dateModified":"2023-08-25T04:58:20+00:00","breadcrumb":{"@id":"https:\/\/escuelagallegadebienestar.es\/gl\/blog\/#breadcrumb"},"inLanguage":"gl-ES","potentialAction":[{"@type":"ReadAction","target":["https:\/\/escuelagallegadebienestar.es\/gl\/blog\/"]}]},{"@type":"BreadcrumbList","@id":"https:\/\/escuelagallegadebienestar.es\/gl\/blog\/#breadcrumb","itemListElement":[{"@type":"ListItem","position":1,"name":"Portada","item":"https:\/\/escuelagallegadebienestar.es\/gl\/inicio\/"},{"@type":"ListItem","position":2,"name":"Blog"}]},{"@type":"WebSite","@id":"https:\/\/escuelagallegadebienestar.es\/gl\/#website","url":"https:\/\/escuelagallegadebienestar.es\/gl\/","name":"Escuela Gallega de Bienestar","description":"Formaci\u00f3n para mellorar a calidade de vida e o benestar das persoas","publisher":{"@id":"https:\/\/escuelagallegadebienestar.es\/gl\/#organization"},"potentialAction":[{"@type":"SearchAction","target":{"@type":"EntryPoint","urlTemplate":"https:\/\/escuelagallegadebienestar.es\/gl\/?s={search_term_string}"},"query-input":{"@type":"PropertyValueSpecification","valueRequired":true,"valueName":"search_term_string"}}],"inLanguage":"gl-ES"},{"@type":"Organization","@id":"https:\/\/escuelagallegadebienestar.es\/gl\/#organization","name":"Escuela Gallega de Bienestar","url":"https:\/\/escuelagallegadebienestar.es\/gl\/","logo":{"@type":"ImageObject","inLanguage":"gl-ES","@id":"https:\/\/escuelagallegadebienestar.es\/gl\/#\/schema\/logo\/image\/","url":"https:\/\/escuelagallegadebienestar.es\/wp-content\/uploads\/2023\/06\/logo.jpg","contentUrl":"https:\/\/escuelagallegadebienestar.es\/wp-content\/uploads\/2023\/06\/logo.jpg","width":404,"height":66,"caption":"Escuela Gallega de Bienestar"},"image":{"@id":"https:\/\/escuelagallegadebienestar.es\/gl\/#\/schema\/logo\/image\/"}}]}},"_links":{"self":[{"href":"https:\/\/escuelagallegadebienestar.es\/gl\/wp-json\/wp\/v2\/pages\/772","targetHints":{"allow":["GET"]}}],"collection":[{"href":"https:\/\/escuelagallegadebienestar.es\/gl\/wp-json\/wp\/v2\/pages"}],"about":[{"href":"https:\/\/escuelagallegadebienestar.es\/gl\/wp-json\/wp\/v2\/types\/page"}],"author":[{"embeddable":true,"href":"https:\/\/escuelagallegadebienestar.es\/gl\/wp-json\/wp\/v2\/users\/1"}],"replies":[{"embeddable":true,"href":"https:\/\/escuelagallegadebienestar.es\/gl\/wp-json\/wp\/v2\/comments?post=772"}],"version-history":[{"count":1,"href":"https:\/\/escuelagallegadebienestar.es\/gl\/wp-json\/wp\/v2\/pages\/772\/revisions"}],"predecessor-version":[{"id":846,"href":"https:\/\/escuelagallegadebienestar.es\/gl\/wp-json\/wp\/v2\/pages\/772\/revisions\/846"}],"wp:attachment":[{"href":"https:\/\/escuelagallegadebienestar.es\/gl\/wp-json\/wp\/v2\/media?parent=772"}],"curies":[{"name":"wp","href":"https:\/\/api.w.org\/{rel}","templated":true}]}}