{"id":2470,"date":"2024-10-18T17:30:10","date_gmt":"2024-10-18T15:30:10","guid":{"rendered":"https:\/\/escuelagallegadebienestar.es\/revista-dixital-zensu-benestar-e-sustentabilidade\/"},"modified":"2025-07-19T11:12:21","modified_gmt":"2025-07-19T09:12:21","slug":"revista-dixital-zensu-benestar-e-sustentabilidade","status":"publish","type":"page","link":"https:\/\/escuelagallegadebienestar.es\/gl\/revista-dixital-zensu-benestar-e-sustentabilidade\/","title":{"rendered":"Revista dixital Zensu Benestar e Sustentabilidade"},"content":{"rendered":"<section class=\"l-section wpb_row us_custom_7b16b104 height_auto full_height valign_center width_full with_img\"><div class=\"l-section-img\" role=\"img\" aria-label=\"Contacto - Escuela Gallega de Bienestar\" data-img-width=\"1900\" data-img-height=\"626\" style=\"background-image: url(https:\/\/escuelagallegadebienestar.es\/wp-content\/uploads\/2023\/08\/contacto-esgabi.jpg);background-position: bottom center;background-repeat: no-repeat;\"><\/div><div class=\"l-section-overlay\" style=\"background:rgba(0,32,86,0.65)\"><\/div><div class=\"l-section-h i-cf\"><div class=\"g-cols vc_row via_grid cols_1 laptops-cols_inherit tablets-cols_inherit mobiles-cols_1 valign_top type_default stacking_default\"><div class=\"wpb_column vc_column_container us_custom_492179a4\"><div class=\"vc_column-inner\"><div class=\"w-separator size_small\"><\/div><nav class=\"g-breadcrumbs us_custom_8b3d6790 has_text_color separator_icon align_center hide_current\" itemscope itemtype=\"http:\/\/schema.org\/BreadcrumbList\"><div class=\"g-breadcrumbs-item\" itemscope itemprop=\"itemListElement\" itemtype=\"http:\/\/schema.org\/ListItem\"><a itemprop=\"item\" href=\"https:\/\/escuelagallegadebienestar.es\/gl\/\"><span itemprop=\"name\">Inicio<\/span><\/a><meta itemprop=\"position\" content=\"1\"\/><\/div><div class=\"g-breadcrumbs-separator\"><i class=\"far fa-angle-right\"><\/i><\/div><div class=\"g-breadcrumbs-item\">P\u00e1xinas<\/div><\/nav><h1 class=\"w-text us_custom_08898346 has_text_color\"><span class=\"w-text-h\"><span class=\"w-text-value\">Revista digital Zens\u00fa &#8220;Bienestar y Sostenibilidad&#8221;<\/span><\/span><\/h1><div class=\"w-separator size_small\"><\/div><\/div><\/div><\/div><\/div><\/section><section class=\"l-section wpb_row us_custom_b6a72ce1 height_medium\"><div class=\"l-section-h i-cf\"><div class=\"g-cols vc_row via_grid cols_1 laptops-cols_inherit tablets-cols_inherit mobiles-cols_1 valign_top type_default stacking_default\"><div class=\"wpb_column vc_column_container\"><div class=\"vc_column-inner\"><div class=\"g-cols wpb_row us_custom_616f6e95 via_grid cols_2 laptops-cols_inherit tablets-cols_inherit mobiles-cols_1 valign_middle type_default stacking_default\" style=\"--columns-gap:2rem;\"><div class=\"wpb_column vc_column_container\"><div class=\"vc_column-inner\"><div class=\"w-image align_center\"><div class=\"w-image-h\"><img decoding=\"async\" width=\"791\" height=\"1024\" src=\"https:\/\/escuelagallegadebienestar.es\/wp-content\/uploads\/2025\/07\/ZensuVerano-791x1024.jpg\" class=\"attachment-large size-large\" alt=\"\" loading=\"lazy\" srcset=\"https:\/\/escuelagallegadebienestar.es\/wp-content\/uploads\/2025\/07\/ZensuVerano-791x1024.jpg 791w, https:\/\/escuelagallegadebienestar.es\/wp-content\/uploads\/2025\/07\/ZensuVerano-232x300.jpg 232w, https:\/\/escuelagallegadebienestar.es\/wp-content\/uploads\/2025\/07\/ZensuVerano-600x777.jpg 600w, https:\/\/escuelagallegadebienestar.es\/wp-content\/uploads\/2025\/07\/ZensuVerano.jpg 800w\" sizes=\"auto, (max-width: 791px) 100vw, 791px\" \/><\/div><\/div><\/div><\/div><div class=\"wpb_column vc_column_container\"><div class=\"vc_column-inner\"><h3 class=\"w-text us_custom_f4e7fa1c\"><span class=\"w-text-h\"><span class=\"w-text-value\">\u00a1Descarga Gratis la Revista Zens\u00fa!<\/span><\/span><\/h3><div class=\"wpb_text_column\"><div class=\"wpb_wrapper\"><p><strong>Descubre todo lo que Galicia tiene que ofrecerte en cuanto a bienestar y sostenibilidad.<\/strong><\/p>\n<ul>\n<li>Empresas saludables y sostenibles<\/li>\n<li>Recursos y novedades para cuidar de ti y del planeta<\/li>\n<li>Alimentaci\u00f3n y h\u00e1bitos saludables<\/li>\n<\/ul>\n<p>Sum\u00e9rxete agora en contidos inspiradores que promoven unha vida m\u00e1is saudable e unha contorna m\u00e1is sustentable.<\/p>\n<\/div><\/div><div class=\"w-separator size_medium\"><\/div><div class=\"wpb_text_column\"><div class=\"wpb_wrapper\"><script>(function() {\n\twindow.mc4wp = window.mc4wp || {\n\t\tlisteners: [],\n\t\tforms: {\n\t\t\ton: function(evt, cb) {\n\t\t\t\twindow.mc4wp.listeners.push(\n\t\t\t\t\t{\n\t\t\t\t\t\tevent   : evt,\n\t\t\t\t\t\tcallback: cb\n\t\t\t\t\t}\n\t\t\t\t);\n\t\t\t}\n\t\t}\n\t}\n})();\n<\/script><!-- Mailchimp for WordPress v4.12.2 - https:\/\/wordpress.org\/plugins\/mailchimp-for-wp\/ --><form id=\"mc4wp-form-1\" class=\"mc4wp-form mc4wp-form-1291\" method=\"post\" data-id=\"1291\" data-name=\"Inscripci\u00f3n\" ><div class=\"mc4wp-form-fields\"><p>\r\n    \r\n    <input placeholder=\"Tu nombre\" type=\"text\" name=\"FNAME\" required=\"\">\r\n<\/p>\r\n\r\n<p>\r\n\t\t<input type=\"email\" name=\"EMAIL\" placeholder=\"Tu email\" required \/>\r\n<\/p>\r\n  <p>\r\n    <label>\r\n        <input type=\"checkbox\" name=\"AGREE_TO_TERMS\" value=\"1\" required=\"\"> <a href=\"https:\/\/escuelagallegadebienestar.es\/politica-de-privacidad\/\"\r\n        target=\"_blank\">He le\u00eddo y acepto la pol\u00edtica de privacidad y aviso legal.<\/a>\r\n    <\/label>\r\n<\/p>\r\n\r\n<p>\r\n\r\n\t<input type=\"submit\" value=\"Enviar\" \/>\r\n<\/p><\/div><label style=\"display: none !important;\">Deixa baleiro este campo se eres humano: <input type=\"text\" name=\"_mc4wp_honeypot\" value=\"\" tabindex=\"-1\" autocomplete=\"off\" \/><\/label><input type=\"hidden\" name=\"_mc4wp_timestamp\" value=\"1778851779\" \/><input type=\"hidden\" name=\"_mc4wp_form_id\" value=\"1291\" \/><input type=\"hidden\" name=\"_mc4wp_form_element_id\" value=\"mc4wp-form-1\" \/><div class=\"mc4wp-response\"><\/div><\/form><!-- \/ Mailchimp for WordPress Plugin -->\n<\/div><\/div><\/div><\/div><\/div><\/div><\/div><\/div><\/div><\/section>\n","protected":false},"excerpt":{"rendered":"InicioP\u00e1xinasRevista digital Zens\u00fa &#8220;Bienestar y Sostenibilidad&#8221;\u00a1Descarga Gratis la Revista Zens\u00fa!Descubre todo lo que Galicia tiene que ofrecerte en cuanto a bienestar y sostenibilidad. Empresas saludables y sostenibles Recursos y novedades para cuidar de ti y del planeta Alimentaci\u00f3n y h\u00e1bitos saludables Sum\u00e9rxete agora en contidos inspiradores que promoven unha vida m\u00e1is saudable e unha contorna...","protected":false},"author":1,"featured_media":0,"parent":0,"menu_order":0,"comment_status":"closed","ping_status":"closed","template":"","meta":{"footnotes":""},"class_list":["post-2470","page","type-page","status-publish","hentry"],"yoast_head":"<!-- This site is optimized with the Yoast SEO plugin v27.6 - https:\/\/yoast.com\/product\/yoast-seo-wordpress\/ -->\n<title>Revista dixital Zensu Benestar e Sustentabilidade - Escuela Gallega de Bienestar<\/title>\n<meta name=\"robots\" content=\"index, follow, max-snippet:-1, max-image-preview:large, max-video-preview:-1\" \/>\n<link rel=\"canonical\" href=\"https:\/\/escuelagallegadebienestar.es\/gl\/revista-dixital-zensu-benestar-e-sustentabilidade\/\" \/>\n<meta property=\"og:locale\" content=\"gl_ES\" \/>\n<meta property=\"og:type\" content=\"article\" \/>\n<meta property=\"og:title\" content=\"Revista dixital Zensu Benestar e Sustentabilidade - Escuela Gallega de Bienestar\" \/>\n<meta property=\"og:url\" content=\"https:\/\/escuelagallegadebienestar.es\/gl\/revista-dixital-zensu-benestar-e-sustentabilidade\/\" \/>\n<meta property=\"og:site_name\" content=\"Escuela Gallega de Bienestar\" \/>\n<meta property=\"article:modified_time\" content=\"2025-07-19T09:12:21+00:00\" \/>\n<meta name=\"twitter:card\" content=\"summary_large_image\" \/>\n<meta name=\"twitter:label1\" content=\"Tempo de lectura\" \/>\n\t<meta name=\"twitter:data1\" content=\"1 minuto\" \/>\n<script type=\"application\/ld+json\" class=\"yoast-schema-graph\">{\"@context\":\"https:\\\/\\\/schema.org\",\"@graph\":[{\"@type\":\"WebPage\",\"@id\":\"https:\\\/\\\/escuelagallegadebienestar.es\\\/gl\\\/revista-dixital-zensu-benestar-e-sustentabilidade\\\/\",\"url\":\"https:\\\/\\\/escuelagallegadebienestar.es\\\/gl\\\/revista-dixital-zensu-benestar-e-sustentabilidade\\\/\",\"name\":\"Revista dixital Zensu Benestar e Sustentabilidade - Escuela Gallega de Bienestar\",\"isPartOf\":{\"@id\":\"https:\\\/\\\/escuelagallegadebien-413541.hostingersite.com\\\/#website\"},\"datePublished\":\"2024-10-18T15:30:10+00:00\",\"dateModified\":\"2025-07-19T09:12:21+00:00\",\"breadcrumb\":{\"@id\":\"https:\\\/\\\/escuelagallegadebienestar.es\\\/gl\\\/revista-dixital-zensu-benestar-e-sustentabilidade\\\/#breadcrumb\"},\"inLanguage\":\"gl-ES\",\"potentialAction\":[{\"@type\":\"ReadAction\",\"target\":[\"https:\\\/\\\/escuelagallegadebienestar.es\\\/gl\\\/revista-dixital-zensu-benestar-e-sustentabilidade\\\/\"]}]},{\"@type\":\"BreadcrumbList\",\"@id\":\"https:\\\/\\\/escuelagallegadebienestar.es\\\/gl\\\/revista-dixital-zensu-benestar-e-sustentabilidade\\\/#breadcrumb\",\"itemListElement\":[{\"@type\":\"ListItem\",\"position\":1,\"name\":\"Portada\",\"item\":\"https:\\\/\\\/escuelagallegadebien-413541.hostingersite.com\\\/inicio\\\/\"},{\"@type\":\"ListItem\",\"position\":2,\"name\":\"Revista dixital Zensu Benestar e Sustentabilidade\"}]},{\"@type\":\"WebSite\",\"@id\":\"https:\\\/\\\/escuelagallegadebien-413541.hostingersite.com\\\/#website\",\"url\":\"https:\\\/\\\/escuelagallegadebien-413541.hostingersite.com\\\/\",\"name\":\"Escuela Gallega de Bienestar\",\"description\":\"Formaci\u00f3n para mellorar a calidade de vida e o benestar das persoas\",\"publisher\":{\"@id\":\"https:\\\/\\\/escuelagallegadebien-413541.hostingersite.com\\\/#organization\"},\"potentialAction\":[{\"@type\":\"SearchAction\",\"target\":{\"@type\":\"EntryPoint\",\"urlTemplate\":\"https:\\\/\\\/escuelagallegadebien-413541.hostingersite.com\\\/?s={search_term_string}\"},\"query-input\":{\"@type\":\"PropertyValueSpecification\",\"valueRequired\":true,\"valueName\":\"search_term_string\"}}],\"inLanguage\":\"gl-ES\"},{\"@type\":\"Organization\",\"@id\":\"https:\\\/\\\/escuelagallegadebien-413541.hostingersite.com\\\/#organization\",\"name\":\"Escuela Gallega de Bienestar\",\"url\":\"https:\\\/\\\/escuelagallegadebien-413541.hostingersite.com\\\/\",\"logo\":{\"@type\":\"ImageObject\",\"inLanguage\":\"gl-ES\",\"@id\":\"https:\\\/\\\/escuelagallegadebien-413541.hostingersite.com\\\/#\\\/schema\\\/logo\\\/image\\\/\",\"url\":\"https:\\\/\\\/escuelagallegadebienestar.es\\\/wp-content\\\/uploads\\\/2023\\\/06\\\/logo.jpg\",\"contentUrl\":\"https:\\\/\\\/escuelagallegadebienestar.es\\\/wp-content\\\/uploads\\\/2023\\\/06\\\/logo.jpg\",\"width\":404,\"height\":66,\"caption\":\"Escuela Gallega de Bienestar\"},\"image\":{\"@id\":\"https:\\\/\\\/escuelagallegadebien-413541.hostingersite.com\\\/#\\\/schema\\\/logo\\\/image\\\/\"}}]}<\/script>\n<!-- \/ Yoast SEO plugin. -->","yoast_head_json":{"title":"Revista dixital Zensu Benestar e Sustentabilidade - Escuela Gallega de Bienestar","robots":{"index":"index","follow":"follow","max-snippet":"max-snippet:-1","max-image-preview":"max-image-preview:large","max-video-preview":"max-video-preview:-1"},"canonical":"https:\/\/escuelagallegadebienestar.es\/gl\/revista-dixital-zensu-benestar-e-sustentabilidade\/","og_locale":"gl_ES","og_type":"article","og_title":"Revista dixital Zensu Benestar e Sustentabilidade - Escuela Gallega de Bienestar","og_url":"https:\/\/escuelagallegadebienestar.es\/gl\/revista-dixital-zensu-benestar-e-sustentabilidade\/","og_site_name":"Escuela Gallega de Bienestar","article_modified_time":"2025-07-19T09:12:21+00:00","twitter_card":"summary_large_image","twitter_misc":{"Tempo de lectura":"1 minuto"},"schema":{"@context":"https:\/\/schema.org","@graph":[{"@type":"WebPage","@id":"https:\/\/escuelagallegadebienestar.es\/gl\/revista-dixital-zensu-benestar-e-sustentabilidade\/","url":"https:\/\/escuelagallegadebienestar.es\/gl\/revista-dixital-zensu-benestar-e-sustentabilidade\/","name":"Revista dixital Zensu Benestar e Sustentabilidade - Escuela Gallega de Bienestar","isPartOf":{"@id":"https:\/\/escuelagallegadebien-413541.hostingersite.com\/#website"},"datePublished":"2024-10-18T15:30:10+00:00","dateModified":"2025-07-19T09:12:21+00:00","breadcrumb":{"@id":"https:\/\/escuelagallegadebienestar.es\/gl\/revista-dixital-zensu-benestar-e-sustentabilidade\/#breadcrumb"},"inLanguage":"gl-ES","potentialAction":[{"@type":"ReadAction","target":["https:\/\/escuelagallegadebienestar.es\/gl\/revista-dixital-zensu-benestar-e-sustentabilidade\/"]}]},{"@type":"BreadcrumbList","@id":"https:\/\/escuelagallegadebienestar.es\/gl\/revista-dixital-zensu-benestar-e-sustentabilidade\/#breadcrumb","itemListElement":[{"@type":"ListItem","position":1,"name":"Portada","item":"https:\/\/escuelagallegadebien-413541.hostingersite.com\/inicio\/"},{"@type":"ListItem","position":2,"name":"Revista dixital Zensu Benestar e Sustentabilidade"}]},{"@type":"WebSite","@id":"https:\/\/escuelagallegadebien-413541.hostingersite.com\/#website","url":"https:\/\/escuelagallegadebien-413541.hostingersite.com\/","name":"Escuela Gallega de Bienestar","description":"Formaci\u00f3n para mellorar a calidade de vida e o benestar das persoas","publisher":{"@id":"https:\/\/escuelagallegadebien-413541.hostingersite.com\/#organization"},"potentialAction":[{"@type":"SearchAction","target":{"@type":"EntryPoint","urlTemplate":"https:\/\/escuelagallegadebien-413541.hostingersite.com\/?s={search_term_string}"},"query-input":{"@type":"PropertyValueSpecification","valueRequired":true,"valueName":"search_term_string"}}],"inLanguage":"gl-ES"},{"@type":"Organization","@id":"https:\/\/escuelagallegadebien-413541.hostingersite.com\/#organization","name":"Escuela Gallega de Bienestar","url":"https:\/\/escuelagallegadebien-413541.hostingersite.com\/","logo":{"@type":"ImageObject","inLanguage":"gl-ES","@id":"https:\/\/escuelagallegadebien-413541.hostingersite.com\/#\/schema\/logo\/image\/","url":"https:\/\/escuelagallegadebienestar.es\/wp-content\/uploads\/2023\/06\/logo.jpg","contentUrl":"https:\/\/escuelagallegadebienestar.es\/wp-content\/uploads\/2023\/06\/logo.jpg","width":404,"height":66,"caption":"Escuela Gallega de Bienestar"},"image":{"@id":"https:\/\/escuelagallegadebien-413541.hostingersite.com\/#\/schema\/logo\/image\/"}}]}},"_links":{"self":[{"href":"https:\/\/escuelagallegadebienestar.es\/gl\/wp-json\/wp\/v2\/pages\/2470","targetHints":{"allow":["GET"]}}],"collection":[{"href":"https:\/\/escuelagallegadebienestar.es\/gl\/wp-json\/wp\/v2\/pages"}],"about":[{"href":"https:\/\/escuelagallegadebienestar.es\/gl\/wp-json\/wp\/v2\/types\/page"}],"author":[{"embeddable":true,"href":"https:\/\/escuelagallegadebienestar.es\/gl\/wp-json\/wp\/v2\/users\/1"}],"replies":[{"embeddable":true,"href":"https:\/\/escuelagallegadebienestar.es\/gl\/wp-json\/wp\/v2\/comments?post=2470"}],"version-history":[{"count":11,"href":"https:\/\/escuelagallegadebienestar.es\/gl\/wp-json\/wp\/v2\/pages\/2470\/revisions"}],"predecessor-version":[{"id":2880,"href":"https:\/\/escuelagallegadebienestar.es\/gl\/wp-json\/wp\/v2\/pages\/2470\/revisions\/2880"}],"wp:attachment":[{"href":"https:\/\/escuelagallegadebienestar.es\/gl\/wp-json\/wp\/v2\/media?parent=2470"}],"curies":[{"name":"wp","href":"https:\/\/api.w.org\/{rel}","templated":true}]}}