{"id":2437,"date":"2024-12-26T11:35:05","date_gmt":"2024-12-26T10:35:05","guid":{"rendered":"https:\/\/escuelagallegadebienestar.es\/rede-vital-de-galiza\/"},"modified":"2025-01-13T15:52:48","modified_gmt":"2025-01-13T14:52:48","slug":"rede-vital-de-galiza","status":"publish","type":"page","link":"https:\/\/escuelagallegadebienestar.es\/gl\/rede-vital-de-galiza\/","title":{"rendered":"Rede Vital de Galiza"},"content":{"rendered":"<section class=\"l-section wpb_row us_custom_7b16b104 height_auto full_height valign_center width_full with_img\"><div class=\"l-section-img\" role=\"img\" data-img-width=\"1600\" data-img-height=\"771\" style=\"background-image: url(https:\/\/escuelagallegadebienestar.es\/wp-content\/uploads\/2025\/01\/Ribeira_Sacra_2601.jpeg);background-repeat: no-repeat;\"><\/div><div class=\"l-section-overlay\" style=\"background:rgba(0,32,86,0.65)\"><\/div><div class=\"l-section-h i-cf\"><div class=\"g-cols vc_row via_grid cols_1 laptops-cols_inherit tablets-cols_inherit mobiles-cols_1 valign_top type_default stacking_default\"><div class=\"wpb_column vc_column_container us_custom_492179a4\"><div class=\"vc_column-inner\"><div class=\"w-separator size_small\"><\/div><nav class=\"g-breadcrumbs us_custom_8b3d6790 has_text_color separator_icon align_center hide_current\" itemscope itemtype=\"http:\/\/schema.org\/BreadcrumbList\"><div class=\"g-breadcrumbs-item\" itemscope itemprop=\"itemListElement\" itemtype=\"http:\/\/schema.org\/ListItem\"><a itemprop=\"item\" href=\"https:\/\/escuelagallegadebienestar.es\/gl\/\"><span itemprop=\"name\">Inicio<\/span><\/a><meta itemprop=\"position\" content=\"1\"\/><\/div><div class=\"g-breadcrumbs-separator\"><i class=\"far fa-angle-right\"><\/i><\/div><div class=\"g-breadcrumbs-item\">P\u00e1xinas<\/div><\/nav><h1 class=\"w-text us_custom_08898346 has_text_color\"><span class=\"w-text-h\"><span class=\"w-text-value\">Rede Vital de Galiza<\/span><\/span><\/h1><div class=\"w-separator size_small\"><\/div><\/div><\/div><\/div><\/div><\/section><section class=\"l-section wpb_row height_auto\"><div class=\"l-section-h i-cf\"><div class=\"g-cols vc_row via_grid cols_1 laptops-cols_inherit tablets-cols_inherit mobiles-cols_1 valign_top type_boxes stacking_default\" style=\"--gap:0.4rem;\"><div class=\"wpb_column vc_column_container us_custom_ed1d14ae\"><div class=\"vc_column-inner\"><h3 class=\"w-text us_custom_ab6c38a6\"><span class=\"w-text-h\"><span class=\"w-text-value\">A REDE M\u00c1IS SAUDABLE E SUSTENTABLE DE GALIZA<\/span><\/span><\/h3><div class=\"w-separator size_medium\"><\/div><div class=\"w-hwrapper valign_middle wrap align_center\" style=\"--hwrapper-gap:1.6rem\"><div class=\"w-image us_custom_bc431e2b align_left\"><div class=\"w-image-h\"><img decoding=\"async\" width=\"300\" height=\"194\" src=\"https:\/\/escuelagallegadebienestar.es\/wp-content\/uploads\/2024\/12\/Logo-Moucho-Red-Vital-de-Galicia-300x194.png\" class=\"attachment-medium size-medium\" alt=\"\" loading=\"lazy\" srcset=\"https:\/\/escuelagallegadebienestar.es\/wp-content\/uploads\/2024\/12\/Logo-Moucho-Red-Vital-de-Galicia-300x194.png 300w, https:\/\/escuelagallegadebienestar.es\/wp-content\/uploads\/2024\/12\/Logo-Moucho-Red-Vital-de-Galicia.png 400w\" sizes=\"auto, (max-width: 300px) 100vw, 300px\" \/><\/div><\/div><div class=\"w-text us_custom_cec98773\"><span class=\"w-text-h\"><span class=\"w-text-value\">Directorio de produtores, empresas locais e espazos de Galicia que favorecen unha mellor calidade de vida e benestar<\/span><\/span><\/div><\/div><div class=\"g-cols wpb_row via_grid cols_custom laptops-cols_inherit tablets-cols_inherit mobiles-cols_1 valign_middle type_default stacking_default\" style=\"--gap:3rem;--custom-columns:1.5fr 1.5fr 3fr \"><div class=\"wpb_column vc_column_container\"><div class=\"vc_column-inner\"><\/div><\/div><div class=\"wpb_column vc_column_container\"><div class=\"vc_column-inner\"><\/div><\/div><div class=\"wpb_column vc_column_container\"><div class=\"vc_column-inner\"><\/div><\/div><\/div><div class=\"w-separator size_medium\"><\/div><div class=\"wpb_text_column\"><div class=\"wpb_wrapper\"><style type=\"text\/css\">\n   #asl-storelocator.asl-cont.asl-template-4 .asl-wrapper .asl-top-area  > .pol-lg-12 .Filter_section .search_btn_box .sl-search-btn {margin-bottom: 1.5rem;}\n   .asl-p-cont .asl-print-btn,.asl-cont .asl-print-btn {display: none !important;}<\/style>\n<section id=\"asl-storelocator\" class=\"asl-cont asl-template-4 asl-layout-0 asl-bg-1  asl-text-1\">\n        <div class=\"asl-overlay\" id=\"map-loading\">\n        <div class=\"white\"><\/div>\n        <div class=\"sl-loading\">\n          <i class=\"animate-sl-spin icon-spin3\"><\/i>\n          Loading...        <\/div>\n    <\/div>\n     <div class=\"asl-wrapper\">\n         <div class=\"sl-container\">\n            <div class=\"sl-row asl-top-area\">\n               <div class=\"pol-md-6 pol-lg-6\">\n                  <div class=\"Filter_section\">\n                    <div class=\"search_filter\">\n                       <label for=\"auto-complete-search\" class=\"asl-filter-top-title\">Search Your Nearest Location<\/label>\n                       <div class=\"sl-search-group\">\n                          <input type=\"text\" value=\"\" data-submit=\"disable\" id=\"auto-complete-search\" placeholder=\"Search Location\"  class=\"asl-search-address isp_ignore\">\n                          <button aria-label=\"Search Location\" title=\"Search Location\" type=\"button\" class=\"span-geo\"><i class=\"asl-geo icon-direction-outline\" title=\"Current Location\"><\/i><\/button>\n                       <\/div>\n                    <\/div>\n                    <div class=\"asl-advance-filters hide\">\n                       <div class=\"sl-row\">\n                                                                              <div class=\"pol-md-6 pol-sm-12  asl-ddl-filters asl-ddl-filter-cats\">\n                             <div class=\"asl-filter-cntrl\">\n                                <label class=\"asl-cntrl-lbl\" for=\"asl-categories\">Category<\/label>\n                                <div class=\"sl-dropdown-cont\" id=\"categories_filter\">\n                                <\/div>\n                             <\/div>\n                          <\/div>\n                                                                                                                                    <div class=\"pol-md-6 pol-sm-12 asl-ddl-filters asl-ddl-filter-special\">\n                              <div class=\"asl-filter-cntrl\">\n                                <label class=\"asl-cntrl-lbl\" for=\"asl-special\">Speciality<\/label>\n                                <div class=\"sl-dropdown-cont\" id=\"special_filter\">\n                                <\/div>\n                              <\/div>\n                          <\/div>\n                                                                              <div class=\"pol-lg-6 pol-md-12 pol-sm-6 col-12 range_filter hide asl-ddl-filters\">\n                             <div class=\"asl-filter-cntrl rangeFilter\">\n                                <label class=\"asl-cntrl-lbl\">Distance Range<\/label>\n                                <input id=\"asl-radius-slide\" type=\"text\" class=\"span2\" \/>\n                                <span class=\"rad-unit\">Radius: <span id=\"asl-radius-input\"><\/span> <span id=\"asl-dist-unit\">Km<\/span><\/span>\n                             <\/div>\n                          <\/div>\n                          <div class=\"pol-lg-6 pol-md-12 pol-sm-6 col-12 Status_filter\">\n                             <div class=\"asl-filter-cntrl\">\n                                <label class=\"asl-cntrl-lbl\">Status<\/label>\n                                <div class=\"onoffswitch\">\n                                   <input type=\"checkbox\" name=\"onoffswitch\" class=\"onoffswitch-checkbox\" id=\"asl-open-close\" checked>\n                                   <label aria-label=\"Opened Stores\" title=\"Opened Stores\" class=\"onoffswitch-label\" for=\"asl-open-close\">\n                                     <span class=\"onoffswitch-inner\"><\/span>\n                                     <span class=\"onoffswitch-switch\"><\/span>\n                                   <\/label>\n                                <\/div>\n                             <\/div>\n                          <\/div>\n                          \n                       <\/div>\n                    <\/div>\n                    <div class=\"d-md-flex search_btn_box mb-3 mb-md-0\">\n                        <button type=\"button\" title=\"Search Location\" class=\"icon-search sl-search-btn\">Search<\/button>\n                        <button type=\"button\" title=\"Reset Map\" class=\"ml-0 ml-md-2 asl-reset-btn\">Reset Map<\/button>\n                    <\/div>\n                  <\/div>\n               <\/div>\n               <div class=\"pol-md-6 pol-lg-6\">\n                  <div class=\"asl-map\">\n                    <div class=\"map-image\">\n                       <div id=\"asl-map-canv\" class=\"asl-map-canv\"><\/div>\n                        <div id=\"agile-modal-direction\" class=\"agile-modal fade\">\n    <div class=\"agile-modal-backdrop-in\"><\/div>\n    <div class=\"agile-modal-dialog in\">\n        <div class=\"agile-modal-content\">\n            <div class=\"sl-form-group d-flex justify-content-between\">\n                <h4 >GET DIRECTIONS<\/h4>\n                <button type=\"button\" class=\"close-directions sl-close\" data-dismiss=\"agile-modal\" aria-label=\"Close\">&times;<\/button>\n            <\/div>\n            <div class=\"sl-form-group\">\n                <label for=\"frm-lbl\">From:<\/label>\n                <input type=\"text\" class=\"form-control frm-place\" id=\"frm-lbl\" placeholder=\"Enter a Location\">\n            <\/div>\n            <div class=\"sl-form-group\">\n                <label for=\"to-lbl\">To:<\/label>\n                <input readonly=\"true\" type=\"text\"  class=\"directions-to form-control\" id=\"to-lbl\" placeholder=\"Prepopulated Destination Address\">\n            <\/div>\n            <div class=\"sl-form-group mb-0\">\n                <label for=\"rbtn-km\" class=\"checkbox-inline\">\n                    <input type=\"radio\" name=\"dist-type\"  id=\"rbtn-km\" value=\"0\"> Km                <\/label>\n                <label for=\"rbtn-mile\" class=\"checkbox-inline\">\n                    <input type=\"radio\" name=\"dist-type\" checked id=\"rbtn-mile\" value=\"1\"> Miles                <\/label>\n            <\/div>\n            <div class=\"sl-form-group mb-0\">\n                <button type=\"submit\" class=\"btn btn-default btn-submit\">GET DIRECTIONS<\/button>\n            <\/div>\n        <\/div>\n    <\/div>\n<\/div>\n\n<div id=\"asl-geolocation-agile-modal\" class=\"agile-modal fade\">\n  <div class=\"agile-modal-backdrop-in\"><\/div>\n  <div class=\"agile-modal-dialog in\">\n    <div class=\"agile-modal-content\">\n            <div class=\"sl-form-group d-flex justify-content-between\">\n        <h5>Use my location to find the closest Service Provider near me<\/h5>\n        <button type=\"button\" class=\"close-directions sl-close\" data-dismiss=\"agile-modal\" aria-label=\"Close\" aria-hidden=\"true\">&times;<\/button>\n      <\/div>\n      <div class=\"sl-form-group text-center mb-0\">\n        <button type=\"button\" id=\"asl-btn-geolocation\" class=\"btn btn-block btn-default\">USE LOCATION<\/button>\n      <\/div>\n          <\/div>\n  <\/div>\n<\/div>\n\n<div id=\"asl-desc-agile-modal\" class=\"agile-modal fade\">\n  <div class=\"agile-modal-backdrop-in\"><\/div>\n  <div class=\"agile-modal-dialog in\">\n    <div class=\"agile-modal-content\">\n      <div class=\"sl-row\">\n        <div class=\"pol-md-12\">\n          <div class=\"sl-form-group d-flex justify-content-between\">\n            <h4 class=\"sl-title\">Description<\/h4>\n            <button type=\"button\" class=\"close-directions sl-close\" data-dismiss=\"agile-modal\" aria-label=\"Close\">&times;<\/button>\n          <\/div>\n          <div class=\"sl-desc\"><\/div>\n        <\/div>\n      <\/div>\n    <\/div>\n  <\/div>\n<\/div>                    <\/div>\n                  <\/div>\n               <\/div>\n            <\/div>\n            <div class=\"sl-row\">\n               <div class=\"pol-12\">\n                  <div class=\"sl-main-cont\">\n                     <div id=\"asl-panel\" class=\"sl-main-row\">\n                        <div id=\"asl-list\" class=\"asl-panel\">\n                           <div class=\"asl-panel-inner\">\n                                <div class=\"Num_of_store pb-3\">\n                                  <span class=\"count-result-text\">Number Of Shops: <span class=\"count-result\">0<\/span><\/span>\n                                  <a class=\"asl-print-btn\"><i class=\"icon-print\"><\/i> PRINT<\/a>\n                                <\/div>\n                              <div class=\"sl-main-cont-box\">\n                                 <div class=\"sl-list-wrapper\">\n                                    <ul id=\"p-statelist\" class=\"sl-list sl-row panel-inner\">\n                                    <\/ul>\n                                 <\/div>\n                              <\/div>\n                           <\/div>\n                           <div class=\"directions-cont hide\">\n                              <div class=\"agile-modal-header\">\n                                 <button type=\"button\" class=\"close\"><span aria-hidden=\"true\">\u00d7<\/span><\/button>\n                                 <h4>Store Direction<\/h4>\n                              <\/div>\n                              <div class=\"rendered-directions\" id=\"asl-rendered-dir\" style=\"direction: ltr;\"><\/div>\n                           <\/div>\n                        <\/div>\n                     <\/div>\n                  <\/div>\n               <\/div>\n            <\/div>\n         <\/div>\n      <\/div>\n<\/section>\n<!-- This plugin is developed by \"Agile Store Locator for WordPress\" https:\/\/agilestorelocator.com -->\n<\/div><\/div><\/div><\/div><\/div><\/div><\/section>\n","protected":false},"excerpt":{"rendered":"InicioP\u00e1xinasRede Vital de GalizaA REDE M\u00c1IS SAUDABLE E SUSTENTABLE DE GALIZADirectorio de produtores, empresas locais e espazos de Galicia que favorecen unha mellor calidade de vida e benestar Loading... Search Your Nearest Location Category Speciality Distance Range Radius: Km Status Search Reset Map GET DIRECTIONS &times; From: To: Km Miles GET DIRECTIONS Use my location...","protected":false},"author":1,"featured_media":0,"parent":0,"menu_order":0,"comment_status":"closed","ping_status":"closed","template":"","meta":{"footnotes":""},"class_list":["post-2437","page","type-page","status-publish","hentry"],"yoast_head":"<!-- This site is optimized with the Yoast SEO plugin v23.9 - https:\/\/yoast.com\/wordpress\/plugins\/seo\/ -->\n<title>Rede Vital de Galiza - Escuela Gallega de Bienestar<\/title>\n<meta name=\"description\" content=\"A rede m\u00e1is saudable e sustentable de Galicia, con produtores locais, alimentaci\u00f3n saudable, retos, desaf\u00edos, ecoturismo, actividades...\" \/>\n<meta name=\"robots\" content=\"index, follow, max-snippet:-1, max-image-preview:large, max-video-preview:-1\" \/>\n<link rel=\"canonical\" href=\"https:\/\/escuelagallegadebienestar.es\/gl\/rede-vital-de-galiza\/\" \/>\n<meta property=\"og:locale\" content=\"gl_ES\" \/>\n<meta property=\"og:type\" content=\"article\" \/>\n<meta property=\"og:title\" content=\"Rede Vital de Galiza - Escuela Gallega de Bienestar\" \/>\n<meta property=\"og:description\" content=\"A rede m\u00e1is saudable e sustentable de Galicia, con produtores locais, alimentaci\u00f3n saudable, retos, desaf\u00edos, ecoturismo, actividades...\" \/>\n<meta property=\"og:url\" content=\"https:\/\/escuelagallegadebienestar.es\/gl\/rede-vital-de-galiza\/\" \/>\n<meta property=\"og:site_name\" content=\"Escuela Gallega de Bienestar\" \/>\n<meta property=\"article:modified_time\" content=\"2025-01-13T14:52:48+00:00\" \/>\n<meta name=\"twitter:card\" content=\"summary_large_image\" \/>\n<meta name=\"twitter:label1\" content=\"Tempo de lectura\" \/>\n\t<meta name=\"twitter:data1\" content=\"2 minutos\" \/>\n<script type=\"application\/ld+json\" class=\"yoast-schema-graph\">{\"@context\":\"https:\/\/schema.org\",\"@graph\":[{\"@type\":\"WebPage\",\"@id\":\"https:\/\/escuelagallegadebienestar.es\/gl\/rede-vital-de-galiza\/\",\"url\":\"https:\/\/escuelagallegadebienestar.es\/gl\/rede-vital-de-galiza\/\",\"name\":\"Rede Vital de Galiza - Escuela Gallega de Bienestar\",\"isPartOf\":{\"@id\":\"https:\/\/escuelagallegadebienestar.es\/gl\/#website\"},\"datePublished\":\"2024-12-26T10:35:05+00:00\",\"dateModified\":\"2025-01-13T14:52:48+00:00\",\"description\":\"A rede m\u00e1is saudable e sustentable de Galicia, con produtores locais, alimentaci\u00f3n saudable, retos, desaf\u00edos, ecoturismo, actividades...\",\"breadcrumb\":{\"@id\":\"https:\/\/escuelagallegadebienestar.es\/gl\/rede-vital-de-galiza\/#breadcrumb\"},\"inLanguage\":\"gl-ES\",\"potentialAction\":[{\"@type\":\"ReadAction\",\"target\":[\"https:\/\/escuelagallegadebienestar.es\/gl\/rede-vital-de-galiza\/\"]}]},{\"@type\":\"BreadcrumbList\",\"@id\":\"https:\/\/escuelagallegadebienestar.es\/gl\/rede-vital-de-galiza\/#breadcrumb\",\"itemListElement\":[{\"@type\":\"ListItem\",\"position\":1,\"name\":\"Portada\",\"item\":\"https:\/\/escuelagallegadebienestar.es\/gl\/inicio\/\"},{\"@type\":\"ListItem\",\"position\":2,\"name\":\"Rede Vital de Galiza\"}]},{\"@type\":\"WebSite\",\"@id\":\"https:\/\/escuelagallegadebienestar.es\/gl\/#website\",\"url\":\"https:\/\/escuelagallegadebienestar.es\/gl\/\",\"name\":\"Escuela Gallega de Bienestar\",\"description\":\"Formaci\u00f3n para mellorar a calidade de vida e o benestar das persoas\",\"publisher\":{\"@id\":\"https:\/\/escuelagallegadebienestar.es\/gl\/#organization\"},\"potentialAction\":[{\"@type\":\"SearchAction\",\"target\":{\"@type\":\"EntryPoint\",\"urlTemplate\":\"https:\/\/escuelagallegadebienestar.es\/gl\/?s={search_term_string}\"},\"query-input\":{\"@type\":\"PropertyValueSpecification\",\"valueRequired\":true,\"valueName\":\"search_term_string\"}}],\"inLanguage\":\"gl-ES\"},{\"@type\":\"Organization\",\"@id\":\"https:\/\/escuelagallegadebienestar.es\/gl\/#organization\",\"name\":\"Escuela Gallega de Bienestar\",\"url\":\"https:\/\/escuelagallegadebienestar.es\/gl\/\",\"logo\":{\"@type\":\"ImageObject\",\"inLanguage\":\"gl-ES\",\"@id\":\"https:\/\/escuelagallegadebienestar.es\/gl\/#\/schema\/logo\/image\/\",\"url\":\"https:\/\/escuelagallegadebienestar.es\/wp-content\/uploads\/2023\/06\/logo.jpg\",\"contentUrl\":\"https:\/\/escuelagallegadebienestar.es\/wp-content\/uploads\/2023\/06\/logo.jpg\",\"width\":404,\"height\":66,\"caption\":\"Escuela Gallega de Bienestar\"},\"image\":{\"@id\":\"https:\/\/escuelagallegadebienestar.es\/gl\/#\/schema\/logo\/image\/\"}}]}<\/script>\n<!-- \/ Yoast SEO plugin. -->","yoast_head_json":{"title":"Rede Vital de Galiza - Escuela Gallega de Bienestar","description":"A rede m\u00e1is saudable e sustentable de Galicia, con produtores locais, alimentaci\u00f3n saudable, retos, desaf\u00edos, ecoturismo, actividades...","robots":{"index":"index","follow":"follow","max-snippet":"max-snippet:-1","max-image-preview":"max-image-preview:large","max-video-preview":"max-video-preview:-1"},"canonical":"https:\/\/escuelagallegadebienestar.es\/gl\/rede-vital-de-galiza\/","og_locale":"gl_ES","og_type":"article","og_title":"Rede Vital de Galiza - Escuela Gallega de Bienestar","og_description":"A rede m\u00e1is saudable e sustentable de Galicia, con produtores locais, alimentaci\u00f3n saudable, retos, desaf\u00edos, ecoturismo, actividades...","og_url":"https:\/\/escuelagallegadebienestar.es\/gl\/rede-vital-de-galiza\/","og_site_name":"Escuela Gallega de Bienestar","article_modified_time":"2025-01-13T14:52:48+00:00","twitter_card":"summary_large_image","twitter_misc":{"Tempo de lectura":"2 minutos"},"schema":{"@context":"https:\/\/schema.org","@graph":[{"@type":"WebPage","@id":"https:\/\/escuelagallegadebienestar.es\/gl\/rede-vital-de-galiza\/","url":"https:\/\/escuelagallegadebienestar.es\/gl\/rede-vital-de-galiza\/","name":"Rede Vital de Galiza - Escuela Gallega de Bienestar","isPartOf":{"@id":"https:\/\/escuelagallegadebienestar.es\/gl\/#website"},"datePublished":"2024-12-26T10:35:05+00:00","dateModified":"2025-01-13T14:52:48+00:00","description":"A rede m\u00e1is saudable e sustentable de Galicia, con produtores locais, alimentaci\u00f3n saudable, retos, desaf\u00edos, ecoturismo, actividades...","breadcrumb":{"@id":"https:\/\/escuelagallegadebienestar.es\/gl\/rede-vital-de-galiza\/#breadcrumb"},"inLanguage":"gl-ES","potentialAction":[{"@type":"ReadAction","target":["https:\/\/escuelagallegadebienestar.es\/gl\/rede-vital-de-galiza\/"]}]},{"@type":"BreadcrumbList","@id":"https:\/\/escuelagallegadebienestar.es\/gl\/rede-vital-de-galiza\/#breadcrumb","itemListElement":[{"@type":"ListItem","position":1,"name":"Portada","item":"https:\/\/escuelagallegadebienestar.es\/gl\/inicio\/"},{"@type":"ListItem","position":2,"name":"Rede Vital de Galiza"}]},{"@type":"WebSite","@id":"https:\/\/escuelagallegadebienestar.es\/gl\/#website","url":"https:\/\/escuelagallegadebienestar.es\/gl\/","name":"Escuela Gallega de Bienestar","description":"Formaci\u00f3n para mellorar a calidade de vida e o benestar das persoas","publisher":{"@id":"https:\/\/escuelagallegadebienestar.es\/gl\/#organization"},"potentialAction":[{"@type":"SearchAction","target":{"@type":"EntryPoint","urlTemplate":"https:\/\/escuelagallegadebienestar.es\/gl\/?s={search_term_string}"},"query-input":{"@type":"PropertyValueSpecification","valueRequired":true,"valueName":"search_term_string"}}],"inLanguage":"gl-ES"},{"@type":"Organization","@id":"https:\/\/escuelagallegadebienestar.es\/gl\/#organization","name":"Escuela Gallega de Bienestar","url":"https:\/\/escuelagallegadebienestar.es\/gl\/","logo":{"@type":"ImageObject","inLanguage":"gl-ES","@id":"https:\/\/escuelagallegadebienestar.es\/gl\/#\/schema\/logo\/image\/","url":"https:\/\/escuelagallegadebienestar.es\/wp-content\/uploads\/2023\/06\/logo.jpg","contentUrl":"https:\/\/escuelagallegadebienestar.es\/wp-content\/uploads\/2023\/06\/logo.jpg","width":404,"height":66,"caption":"Escuela Gallega de Bienestar"},"image":{"@id":"https:\/\/escuelagallegadebienestar.es\/gl\/#\/schema\/logo\/image\/"}}]}},"_links":{"self":[{"href":"https:\/\/escuelagallegadebienestar.es\/gl\/wp-json\/wp\/v2\/pages\/2437","targetHints":{"allow":["GET"]}}],"collection":[{"href":"https:\/\/escuelagallegadebienestar.es\/gl\/wp-json\/wp\/v2\/pages"}],"about":[{"href":"https:\/\/escuelagallegadebienestar.es\/gl\/wp-json\/wp\/v2\/types\/page"}],"author":[{"embeddable":true,"href":"https:\/\/escuelagallegadebienestar.es\/gl\/wp-json\/wp\/v2\/users\/1"}],"replies":[{"embeddable":true,"href":"https:\/\/escuelagallegadebienestar.es\/gl\/wp-json\/wp\/v2\/comments?post=2437"}],"version-history":[{"count":6,"href":"https:\/\/escuelagallegadebienestar.es\/gl\/wp-json\/wp\/v2\/pages\/2437\/revisions"}],"predecessor-version":[{"id":2469,"href":"https:\/\/escuelagallegadebienestar.es\/gl\/wp-json\/wp\/v2\/pages\/2437\/revisions\/2469"}],"wp:attachment":[{"href":"https:\/\/escuelagallegadebienestar.es\/gl\/wp-json\/wp\/v2\/media?parent=2437"}],"curies":[{"name":"wp","href":"https:\/\/api.w.org\/{rel}","templated":true}]}}